{"id":1631,"date":"2020-11-09T15:42:15","date_gmt":"2020-11-09T14:42:15","guid":{"rendered":"https:\/\/yoomultimedia.com\/demo\/candido\/eng\/?page_id=1631"},"modified":"2020-11-23T17:53:07","modified_gmt":"2020-11-23T16:53:07","slug":"partners","status":"publish","type":"page","link":"https:\/\/candidoitaly.com\/eng\/partners\/","title":{"rendered":"Partners"},"content":{"rendered":"<h1>Candido Italy &#8211; Partners<\/h1>\n<h3>Vinum Italicum<\/h3>\n<ul>\n<li>\n<h3>Address<\/h3>\n<div>\n<p>Vinum Italicum GmbH &#8211; Weine &amp; Lebensmittel Schiffwall 3 &#8211; 38304 Wolfenb\u00fcttel<\/p>\n<\/div>\n<\/li>\n<li>\n<h3>Phone<\/h3>\n<div>\n<p>05331- 90 26 94<\/p>\n<\/div>\n<\/li>\n<li>\n<h3>Fax<\/h3>\n<div>\n<p>05331- 98 47 79<\/p>\n<\/div>\n<\/li>\n<li>\n<h3>Mobile<\/h3>\n<div>\n<p>0173-36 16 94 0<\/p>\n<\/div>\n<\/li>\n<li>\n<h3>Email<\/h3>\n<div>\n<p>info[@]vinumitalicum.de<\/p>\n<\/div>\n<\/li>\n<li>\n<h3>Web-site<\/h3>\n<div>\n<p>www.vinumitalicum.de<\/p>\n<\/div>\n<\/li>\n<li>\n<h3>Ust-ID<\/h3>\n<div>\n<p>DE 165770965 Registergericht: Amtsgericht Wolfenb\u00fcttel HRB 917<\/p>\n<\/div>\n<\/li>\n<li>\n<h3>Ref<\/h3>\n<div>\n<p>Gesch\u00e4ftsf\u00fchrerin: Saida Fichera &#8211; Import, Sortiment: Alfio Fichera<\/p>\n<\/div>\n<\/li>\n<\/ul>\n<h3>Europ\u00e4ische Sommelier Schule (Germany)<\/h3>\n<ul>\n<li>\n<h3>Address<\/h3>\n<div>\n<p>Schiffwall 3 &#8211; 38300 Wolfenb\u00fcttel<\/p>\n<\/div>\n<\/li>\n<li>\n<h3>Phone<\/h3>\n<div>\n<p>05331 &#8211; 90 26 94<\/p>\n<\/div>\n<\/li>\n<li>\n<h3>Fax<\/h3>\n<div>\n<p>05331- 98 47 79<\/p>\n<\/div>\n<\/li>\n<li>\n<h3>Mobile<\/h3>\n<div>\n<p>0151 &#8211; 15730732<\/p>\n<\/div>\n<\/li>\n<li>\n<h3>Email<\/h3>\n<div>\n<p>deutschland[@]eurosommelier.eu<\/p>\n<\/div>\n<\/li>\n<li>\n<h3>Web-site<\/h3>\n<div>\n<p>www.eurosommelier.de<\/p>\n<p>\u00a0<\/p>\n<p>\u00a0<\/p>\n<p>\u00a0<\/p>\n<p>\u00a0<\/p>\n<\/div>\n<\/li>\n<\/ul>\n<p><!-- {\"name\":\"Produzione carne\",\"type\":\"layout\",\"children\":[{\"type\":\"section\",\"props\":{\"style\":\"default\",\"width\":\"default\",\"vertical_align\":\"middle\",\"title_position\":\"top-left\",\"title_rotation\":\"left\",\"title_breakpoint\":\"xl\",\"image_position\":\"center-center\"},\"children\":[{\"type\":\"row\",\"children\":[{\"type\":\"column\",\"props\":{\"image_position\":\"center-center\",\"media_overlay_gradient\":\"\"},\"children\":[{\"type\":\"headline\",\"props\":{\"title_element\":\"h1\",\"content\":\"Candido Italy - Partners\",\"text_align\":\"center\"}}]}]},{\"type\":\"row\",\"props\":{\"layout\":\"1-2,1-2\",\"margin_remove_top\":false,\"margin\":\"default\"},\"children\":[{\"type\":\"column\",\"props\":{\"image_position\":\"center-center\",\"media_overlay_gradient\":\"\",\"width_medium\":\"1-2\",\"vertical_align\":\"middle\",\"style\":\"muted\",\"padding\":\"small\"},\"children\":[{\"type\":\"headline\",\"props\":{\"title_element\":\"h3\",\"content\":\"Vinum Italicum\"}},{\"type\":\"description_list\",\"props\":{\"show_title\":true,\"show_meta\":true,\"show_content\":true,\"show_link\":true,\"list_element\":\"ul\",\"column_breakpoint\":\"m\",\"layout\":\"grid-2\",\"title_grid_width\":\"small\",\"title_grid_column_gap\":\"small\",\"title_grid_row_gap\":\"small\",\"title_element\":\"div\",\"meta_style\":\"meta\",\"meta_align\":\"below-content\",\"list_size\":\"\",\"title_colon\":false,\"list_style\":\"striped\"},\"children\":[{\"type\":\"description_list_item\",\"props\":{\"title\":\"Address\",\"meta\":\"\",\"content\":\"\n\n<p>Vinum Italicum GmbH - Weine &amp; Lebensmittel Schiffwall 3 - 38304 Wolfenb\\u00fcttel<\\\/p>\"}},{\"type\":\"description_list_item\",\"props\":{\"title\":\"Phone\",\"meta\":\"\",\"content\":\"\n\n<p>05331- 90 26 94<\\\/p>\"}},{\"type\":\"description_list_item\",\"props\":{\"title\":\"Fax\",\"meta\":\"\",\"content\":\"\n\n<p>05331- 98 47 79<\\\/p>\"}},{\"type\":\"description_list_item\",\"props\":{\"title\":\"Mobile\",\"meta\":\"\",\"content\":\"\n\n<p>0173-36 16 94 0<\\\/p>\"}},{\"type\":\"description_list_item\",\"props\":{\"title\":\"Email\",\"meta\":\"\",\"content\":\"\n\n<p>info[@]vinumitalicum.de<\\\/p>\"}},{\"type\":\"description_list_item\",\"props\":{\"title\":\"Web-site\",\"meta\":\"\",\"content\":\"\n\n<p>www.vinumitalicum.de<\\\/p>\"}},{\"type\":\"description_list_item\",\"props\":{\"title\":\"Ust-ID\",\"meta\":\"\",\"content\":\"\n\n<p>DE 165770965 Registergericht: Amtsgericht Wolfenb\\u00fcttel HRB 917<\\\/p>\"}},{\"type\":\"description_list_item\",\"props\":{\"title\":\"Ref\",\"meta\":\"\",\"content\":\"\n\n<p>Gesch\\u00e4ftsf\\u00fchrerin: Saida Fichera - Import, Sortiment: Alfio Fichera<\\\/p>\"}}]}]},{\"type\":\"column\",\"props\":{\"image_position\":\"center-center\",\"media_overlay_gradient\":\"\",\"width_medium\":\"1-2\",\"vertical_align\":\"middle\",\"style\":\"muted\",\"padding\":\"small\"},\"children\":[{\"type\":\"headline\",\"props\":{\"title_element\":\"h3\",\"content\":\"Europ\\u00e4ische Sommelier Schule (Germany)\"}},{\"type\":\"description_list\",\"props\":{\"show_title\":true,\"show_meta\":true,\"show_content\":true,\"show_link\":true,\"list_element\":\"ul\",\"column_breakpoint\":\"m\",\"layout\":\"grid-2\",\"title_grid_width\":\"small\",\"title_grid_column_gap\":\"small\",\"title_grid_row_gap\":\"small\",\"title_element\":\"div\",\"meta_style\":\"meta\",\"meta_align\":\"below-content\",\"list_size\":\"\",\"title_colon\":false,\"list_style\":\"divider\"},\"children\":[{\"type\":\"description_list_item\",\"props\":{\"title\":\"Address\",\"meta\":\"\",\"content\":\"\n\n<p>Schiffwall 3 - 38300 Wolfenb\\u00fcttel<\\\/p>\"}},{\"type\":\"description_list_item\",\"props\":{\"title\":\"Phone\",\"meta\":\"\",\"content\":\"\n\n<p>05331 - 90 26 94<\\\/p>\"}},{\"type\":\"description_list_item\",\"props\":{\"title\":\"Fax\",\"meta\":\"\",\"content\":\"\n\n<p>05331- 98 47 79<\\\/p>\"}},{\"type\":\"description_list_item\",\"props\":{\"title\":\"Mobile\",\"meta\":\"\",\"content\":\"\n\n<p>0151 - 15730732<\\\/p>\"}},{\"type\":\"description_list_item\",\"props\":{\"title\":\"Email\",\"meta\":\"\",\"content\":\"\n\n<p>deutschland[@]eurosommelier.eu<\\\/p>\"}},{\"type\":\"description_list_item\",\"props\":{\"title\":\"Web-site\",\"meta\":\"\",\"content\":\"\n\n<p>www.eurosommelier.de<\\\/p>\\n\n\n<p>\\u00a0<\\\/p>\\n\n\n<p>\\u00a0<\\\/p>\\n\n\n<p>\\u00a0<\\\/p>\\n\n\n<p>\\u00a0<\\\/p>\"}}]}]}]}]}],\"version\":\"2.3.12\"} --><\/p>\n","protected":false},"excerpt":{"rendered":"<p>Candido Italy &#8211; Partners Vinum Italicum Address Vinum Italicum GmbH &#8211; Weine &amp; Lebensmittel Schiffwall 3 &#8211; 38304 Wolfenb\u00fcttel Phone 05331- 90 26 94 Fax 05331- 98 47 79 Mobile 0173-36 16 94 0 Email info[@]vinumitalicum.de Web-site www.vinumitalicum.de Ust-ID DE 165770965 Registergericht: Amtsgericht Wolfenb\u00fcttel HRB 917 Ref Gesch\u00e4ftsf\u00fchrerin: Saida Fichera &#8211; Import, Sortiment: Alfio Fichera [&hellip;]<\/p>\n","protected":false},"author":1,"featured_media":0,"parent":0,"menu_order":0,"comment_status":"closed","ping_status":"closed","template":"","meta":{"_acf_changed":false,"footnotes":""},"class_list":["post-1631","page","type-page","status-publish","hentry"],"acf":[],"yoast_head":"<!-- This site is optimized with the Yoast SEO plugin v26.2 - https:\/\/yoast.com\/wordpress\/plugins\/seo\/ -->\n<title>Partners - Candido Italy - Food &amp; Wine - Wine, Meat and Tipical Sicilian Products<\/title>\n<meta name=\"robots\" content=\"index, follow, max-snippet:-1, max-image-preview:large, max-video-preview:-1\" \/>\n<link rel=\"canonical\" href=\"https:\/\/candidoitaly.com\/eng\/partners\/\" \/>\n<meta property=\"og:locale\" content=\"en_US\" \/>\n<meta property=\"og:type\" content=\"article\" \/>\n<meta property=\"og:title\" content=\"Partners - Candido Italy - Food &amp; Wine - Wine, Meat and Tipical Sicilian Products\" \/>\n<meta property=\"og:description\" content=\"Candido Italy &#8211; Partners Vinum Italicum Address Vinum Italicum GmbH &#8211; Weine &amp; Lebensmittel Schiffwall 3 &#8211; 38304 Wolfenb\u00fcttel Phone 05331- 90 26 94 Fax 05331- 98 47 79 Mobile 0173-36 16 94 0 Email info[@]vinumitalicum.de Web-site www.vinumitalicum.de Ust-ID DE 165770965 Registergericht: Amtsgericht Wolfenb\u00fcttel HRB 917 Ref Gesch\u00e4ftsf\u00fchrerin: Saida Fichera &#8211; Import, Sortiment: Alfio Fichera [&hellip;]\" \/>\n<meta property=\"og:url\" content=\"https:\/\/candidoitaly.com\/eng\/partners\/\" \/>\n<meta property=\"og:site_name\" content=\"Candido Italy - Food &amp; Wine - Wine, Meat and Tipical Sicilian Products\" \/>\n<meta property=\"article:modified_time\" content=\"2020-11-23T16:53:07+00:00\" \/>\n<meta name=\"twitter:card\" content=\"summary_large_image\" \/>\n<script type=\"application\/ld+json\" class=\"yoast-schema-graph\">{\"@context\":\"https:\/\/schema.org\",\"@graph\":[{\"@type\":\"WebPage\",\"@id\":\"https:\/\/candidoitaly.com\/eng\/partners\/\",\"url\":\"https:\/\/candidoitaly.com\/eng\/partners\/\",\"name\":\"Partners - Candido Italy - Food &amp; Wine - Wine, Meat and Tipical Sicilian Products\",\"isPartOf\":{\"@id\":\"https:\/\/candidoitaly.com\/eng\/#website\"},\"datePublished\":\"2020-11-09T14:42:15+00:00\",\"dateModified\":\"2020-11-23T16:53:07+00:00\",\"breadcrumb\":{\"@id\":\"https:\/\/candidoitaly.com\/eng\/partners\/#breadcrumb\"},\"inLanguage\":\"en-US\",\"potentialAction\":[{\"@type\":\"ReadAction\",\"target\":[\"https:\/\/candidoitaly.com\/eng\/partners\/\"]}]},{\"@type\":\"BreadcrumbList\",\"@id\":\"https:\/\/candidoitaly.com\/eng\/partners\/#breadcrumb\",\"itemListElement\":[{\"@type\":\"ListItem\",\"position\":1,\"name\":\"Home\",\"item\":\"https:\/\/candidoitaly.com\/eng\/\"},{\"@type\":\"ListItem\",\"position\":2,\"name\":\"Partners\"}]},{\"@type\":\"WebSite\",\"@id\":\"https:\/\/candidoitaly.com\/eng\/#website\",\"url\":\"https:\/\/candidoitaly.com\/eng\/\",\"name\":\"Candido Italy - Food &amp; Wine - Wine, Meat and Tipical Sicilian Products\",\"description\":\"Food &amp; Wine - Vino, Carne e Prodotti Tipici Siciliani\",\"potentialAction\":[{\"@type\":\"SearchAction\",\"target\":{\"@type\":\"EntryPoint\",\"urlTemplate\":\"https:\/\/candidoitaly.com\/eng\/?s={search_term_string}\"},\"query-input\":{\"@type\":\"PropertyValueSpecification\",\"valueRequired\":true,\"valueName\":\"search_term_string\"}}],\"inLanguage\":\"en-US\"}]}<\/script>\n<!-- \/ Yoast SEO plugin. -->","yoast_head_json":{"title":"Partners - Candido Italy - Food &amp; Wine - Wine, Meat and Tipical Sicilian Products","robots":{"index":"index","follow":"follow","max-snippet":"max-snippet:-1","max-image-preview":"max-image-preview:large","max-video-preview":"max-video-preview:-1"},"canonical":"https:\/\/candidoitaly.com\/eng\/partners\/","og_locale":"en_US","og_type":"article","og_title":"Partners - Candido Italy - Food &amp; Wine - Wine, Meat and Tipical Sicilian Products","og_description":"Candido Italy &#8211; Partners Vinum Italicum Address Vinum Italicum GmbH &#8211; Weine &amp; Lebensmittel Schiffwall 3 &#8211; 38304 Wolfenb\u00fcttel Phone 05331- 90 26 94 Fax 05331- 98 47 79 Mobile 0173-36 16 94 0 Email info[@]vinumitalicum.de Web-site www.vinumitalicum.de Ust-ID DE 165770965 Registergericht: Amtsgericht Wolfenb\u00fcttel HRB 917 Ref Gesch\u00e4ftsf\u00fchrerin: Saida Fichera &#8211; Import, Sortiment: Alfio Fichera [&hellip;]","og_url":"https:\/\/candidoitaly.com\/eng\/partners\/","og_site_name":"Candido Italy - Food &amp; Wine - Wine, Meat and Tipical Sicilian Products","article_modified_time":"2020-11-23T16:53:07+00:00","twitter_card":"summary_large_image","schema":{"@context":"https:\/\/schema.org","@graph":[{"@type":"WebPage","@id":"https:\/\/candidoitaly.com\/eng\/partners\/","url":"https:\/\/candidoitaly.com\/eng\/partners\/","name":"Partners - Candido Italy - Food &amp; Wine - Wine, Meat and Tipical Sicilian Products","isPartOf":{"@id":"https:\/\/candidoitaly.com\/eng\/#website"},"datePublished":"2020-11-09T14:42:15+00:00","dateModified":"2020-11-23T16:53:07+00:00","breadcrumb":{"@id":"https:\/\/candidoitaly.com\/eng\/partners\/#breadcrumb"},"inLanguage":"en-US","potentialAction":[{"@type":"ReadAction","target":["https:\/\/candidoitaly.com\/eng\/partners\/"]}]},{"@type":"BreadcrumbList","@id":"https:\/\/candidoitaly.com\/eng\/partners\/#breadcrumb","itemListElement":[{"@type":"ListItem","position":1,"name":"Home","item":"https:\/\/candidoitaly.com\/eng\/"},{"@type":"ListItem","position":2,"name":"Partners"}]},{"@type":"WebSite","@id":"https:\/\/candidoitaly.com\/eng\/#website","url":"https:\/\/candidoitaly.com\/eng\/","name":"Candido Italy - Food &amp; Wine - Wine, Meat and Tipical Sicilian Products","description":"Food &amp; Wine - Vino, Carne e Prodotti Tipici Siciliani","potentialAction":[{"@type":"SearchAction","target":{"@type":"EntryPoint","urlTemplate":"https:\/\/candidoitaly.com\/eng\/?s={search_term_string}"},"query-input":{"@type":"PropertyValueSpecification","valueRequired":true,"valueName":"search_term_string"}}],"inLanguage":"en-US"}]}},"_links":{"self":[{"href":"https:\/\/candidoitaly.com\/eng\/wp-json\/wp\/v2\/pages\/1631","targetHints":{"allow":["GET"]}}],"collection":[{"href":"https:\/\/candidoitaly.com\/eng\/wp-json\/wp\/v2\/pages"}],"about":[{"href":"https:\/\/candidoitaly.com\/eng\/wp-json\/wp\/v2\/types\/page"}],"author":[{"embeddable":true,"href":"https:\/\/candidoitaly.com\/eng\/wp-json\/wp\/v2\/users\/1"}],"replies":[{"embeddable":true,"href":"https:\/\/candidoitaly.com\/eng\/wp-json\/wp\/v2\/comments?post=1631"}],"version-history":[{"count":10,"href":"https:\/\/candidoitaly.com\/eng\/wp-json\/wp\/v2\/pages\/1631\/revisions"}],"predecessor-version":[{"id":1775,"href":"https:\/\/candidoitaly.com\/eng\/wp-json\/wp\/v2\/pages\/1631\/revisions\/1775"}],"wp:attachment":[{"href":"https:\/\/candidoitaly.com\/eng\/wp-json\/wp\/v2\/media?parent=1631"}],"curies":[{"name":"wp","href":"https:\/\/api.w.org\/{rel}","templated":true}]}}