{"id":1348,"date":"2020-10-26T11:59:39","date_gmt":"2020-10-26T11:59:39","guid":{"rendered":"http:\/\/yoomultimedia.com\/demo\/candido\/de\/?page_id=1348"},"modified":"2021-02-25T12:17:47","modified_gmt":"2021-02-25T11:17:47","slug":"manoka-sauvignon-blanc","status":"publish","type":"page","link":"https:\/\/candidoitaly.com\/de\/manoka-sauvignon-blanc\/","title":{"rendered":"Man\u00f2ka Sauvignon Blanc"},"content":{"rendered":"<h1>Man\u00f2KA &#8211; Sauvignon Blanc I.G.T.<br \/>Sizilianische Weine Odisseo<\/h1>\n<div>\n<p>Sonne, Meer, klarer Himmel, fruchtbare Erde, in der Luft liegt der Duft von Blumen und Fr\u00fcchten \u2026 alle diese Elemente sind in den Trauben des Sauvignon Blanc konzentriert, einzigartige Eigenschaften, die nur die sizilianischen Erde hervorbringen kann.<\/p>\n<\/div>\n<ul>\n<li>\n<p>        <img decoding=\"async\" src=\"\/demo\/candido\/de\/wp-content\/uploads\/2020\/11\/sauvignon-blanc_etichette_1.jpg\" alt=\"\"><\/p>\n<\/li>\n<li>\n<p>        <img decoding=\"async\" src=\"\/demo\/candido\/de\/wp-content\/uploads\/2020\/11\/sauvignon-blanc_1.jpg\" alt=\"\"><\/p>\n<\/li>\n<\/ul>\n<ul>\n<li>\n<h3>Details<\/h3>\n<div>\n<h2 class=\"Standard\">Odisseo Man\u00f2KA \u2013 Sauvignon Blanc I.G.T.<\/h2>\n<p class=\"Standard\">Sonne, Meer, klarer Himmel, fruchtbare Erde, in der Luft liegt der Duft von Blumen und Fr\u00fcchten \u2026 alle diese Elemente sind in den Trauben des Sauvignon Blanc konzentriert, einzigartige Eigenschaften, die nur die sizilianischen Erde hervorbringen kann. Gelb und Gr\u00fcn vereinigen sich im Kelch und erinnern uns an wei\u00dfe Holunder- und Ginsterbl\u00fcten, an die delikaten Noten von Paprika und Tomatenbl\u00e4ttern. Auf den Gaumen treffen Noten von gelben Fr\u00fcchten, explodieren Aromen von Pfirsichen, Aprikosen und Cantaloupe-Melonen, die uns zu einer unvergesslichen Reise in die warmen Regionen Siziliens einladen. Und wenn man glaubt, all seine Geschmacksnoten entdeckt zu haben, enth\u00fcllt Man\u00f2Ka im Grunde des Kelches sein letztes Geheimnis und man entdeckt sein vollendetes Geschmackserlebnis. Man\u00f2ka ist ein exzentrischer Wein, weich, samtig und zur gleichen Zeit ein Wein mit Finesse. Die sizilianische Erde hat ihn produziert und wir genie\u00dfen ihn\u2026 Man\u00f2Ka\u2026 Man\u00f2Ka!<\/p>\n<\/div>\n<\/li>\n<li>\n<h3>Mehr informationen<\/h3>\n<div>\n<table id=\"product-attribute-specs-table\" class=\"data table additional-attributes\">\n<tbody>\n<tr>\n<th class=\"col label\" scope=\"row\">Klassifizierung<\/th>\n<td class=\"col data\" data-th=\"Klassifizierung\">Sauvignon Blanc I.G.T. Terre Siciliane<\/td>\n<\/tr>\n<tr>\n<th class=\"col label\" scope=\"row\">Weinart<\/th>\n<td class=\"col data\" data-th=\"Weinart\">Wei\u00dfwein<\/td>\n<\/tr>\n<tr>\n<th class=\"col label\" scope=\"row\">Rebsorten<\/th>\n<td class=\"col data\" data-th=\"Rebsorten\">100% Sauvignon Blanc<\/td>\n<\/tr>\n<tr>\n<th class=\"col label\" scope=\"row\">Alkoholgehalt<\/th>\n<td class=\"col data\" data-th=\"Alkoholgehalt\">12,0% Vol.<\/td>\n<\/tr>\n<tr>\n<th class=\"col label\" scope=\"row\">Farbe<\/th>\n<td class=\"col data\" data-th=\"Farbe\">Strohgelb<\/td>\n<\/tr>\n<tr>\n<th class=\"col label\" scope=\"row\">Lagerf\u00e4higkeit<\/th>\n<td class=\"col data\" data-th=\"Lagerf\u00e4higkeit\">1 \/ 2 Jahre<\/td>\n<\/tr>\n<tr>\n<th class=\"col label\" scope=\"row\">Speiseempfehlungen<\/th>\n<td class=\"col data\" data-th=\"Speiseempfehlungen\">Aperitifs, Fischgerichten, Erste Hauptspeisen, Gekochtes<\/td>\n<\/tr>\n<tr>\n<th class=\"col label\" scope=\"row\">Serviertemperatur<\/th>\n<td class=\"col data\" data-th=\"Serviertemperatur\">10\/12 \u00baC<\/td>\n<\/tr>\n<tr>\n<th class=\"col label\" scope=\"row\">Geschmack<\/th>\n<td class=\"col data\" data-th=\"Geschmack\">Weich, samtig, aromatisch, warm und delikat<\/td>\n<\/tr>\n<tr>\n<th class=\"col label\" scope=\"row\">Geruch<\/th>\n<td class=\"col data\" data-th=\"Geruch\">Offen, intensiv, anhaltend mit Nuancen von wei\u00dfen und gelben Blumen, leichte Noten von Gras<\/td>\n<\/tr>\n<tr>\n<th class=\"col label\" scope=\"row\">Abf\u00fcllmenge<\/th>\n<td class=\"col data\" data-th=\"Abf\u00fcllmenge\">750 ml<\/td>\n<\/tr>\n<tr>\n<th class=\"col label\" scope=\"row\">Anbaugebiet<\/th>\n<td class=\"col data\" data-th=\"Anbaugebiet\">Sizilien<\/td>\n<\/tr>\n<tr>\n<th class=\"col label\" scope=\"row\">H\u00f6he<\/th>\n<td class=\"col data\" data-th=\"H\u00f6he\">90-150m \u00fcber dem Meeresspiegel<\/td>\n<\/tr>\n<tr>\n<th class=\"col label\" scope=\"row\">Erziehungsform<\/th>\n<td class=\"col data\" data-th=\"Erziehungsform\">Spaliererziehung<\/td>\n<\/tr>\n<tr>\n<th class=\"col label\" scope=\"row\">Anbaudichte<\/th>\n<td class=\"col data\" data-th=\"Anbaudichte\">4000\/5000 Rebst\u00f6cke pro Hektar<\/td>\n<\/tr>\n<tr>\n<th class=\"col label\" scope=\"row\">Weinbereitung<\/th>\n<td class=\"col data\" data-th=\"Weinbereitung\">Abbeerung, gefolgt von einer Cryo-Mazeration bei 5-8\u00b0C. Der Most wird in thermoregulierte Edelstahlbeh\u00e4lter gef\u00fcllt, um eine langsame Fermentierung zu gew\u00e4hren.<\/td>\n<\/tr>\n<tr>\n<th class=\"col label\" scope=\"row\">Ertrag pro Hektar<\/th>\n<td class=\"col data\" data-th=\"Ertrag pro Hektar\">85dz<\/td>\n<\/tr>\n<tr>\n<th class=\"col label\" scope=\"row\">Zeitraum der Weinlese<\/th>\n<td class=\"col data\" data-th=\"Zeitraum der Weinlese\">Ende 2. Augustdekade<\/td>\n<\/tr>\n<\/tbody>\n<\/table>\n<\/div>\n<\/li>\n<li>\n<h3>Datenblatt<\/h3>\n<div>\n<p><a href=\"https:\/\/candidoitaly.com\/de\/wp-content\/uploads\/sites\/6\/2021\/02\/DE-ODISSEO-italienische-Weine-Sauvignon-Blanc.pdf\" target=\"_blank\" rel=\"noopener\">Aussicht<\/a><\/p>\n<\/div>\n<\/li>\n<\/ul>\n<p><!-- {\"name\":\"Prodotto\",\"type\":\"layout\",\"children\":[{\"type\":\"section\",\"props\":{\"style\":\"default\",\"width\":\"default\",\"vertical_align\":\"middle\",\"title_position\":\"top-left\",\"title_rotation\":\"left\",\"title_breakpoint\":\"xl\",\"image_position\":\"center-center\",\"padding_remove_top\":true},\"children\":[{\"type\":\"row\",\"props\":{\"layout\":\"1-2,1-2\"},\"children\":[{\"type\":\"column\",\"props\":{\"image_position\":\"center-center\",\"media_overlay_gradient\":\"\",\"width_medium\":\"1-2\",\"vertical_align\":\"middle\"},\"children\":[{\"type\":\"headline\",\"props\":{\"title_element\":\"h1\",\"content\":\"Man\\u00f2KA - Sauvignon Blanc I.G.T.<br \\\/>Sizilianische Weine Odisseo\"}},{\"type\":\"text\",\"props\":{\"margin\":\"default\",\"column_breakpoint\":\"m\",\"content\":\"\n\n<p>Sonne, Meer, klarer Himmel, fruchtbare Erde, in der Luft liegt der Duft von Blumen und Fr\\u00fcchten \\u2026 alle diese Elemente sind in den Trauben des Sauvignon Blanc konzentriert, einzigartige Eigenschaften, die nur die sizilianischen Erde hervorbringen kann.<\\\/p>\"}}]},{\"type\":\"column\",\"props\":{\"image_position\":\"center-center\",\"media_overlay_gradient\":\"\",\"width_medium\":\"1-2\",\"vertical_align\":\"middle\"},\"children\":[{\"type\":\"slider\",\"props\":{\"show_title\":true,\"show_meta\":true,\"show_content\":true,\"show_link\":true,\"slider_width\":\"fixed\",\"slider_width_default\":\"1-1\",\"slider_width_medium\":\"1-1\",\"slider_min_height\":\"200\",\"slider_gap\":\"default\",\"slider_autoplay_pause\":true,\"nav\":\"dotnav\",\"nav_align\":\"center\",\"nav_breakpoint\":\"s\",\"slidenav\":\"\",\"slidenav_margin\":\"medium\",\"slidenav_breakpoint\":\"s\",\"slidenav_outside_breakpoint\":\"xl\",\"overlay_mode\":\"cover\",\"overlay_position\":\"center\",\"overlay_transition\":\"fade\",\"title_hover_style\":\"reset\",\"title_element\":\"h3\",\"meta_style\":\"meta\",\"meta_align\":\"below-title\",\"meta_element\":\"div\",\"link_text\":\"Read more\",\"link_style\":\"default\",\"text_align\":\"center\",\"margin\":\"default\",\"slider_height\":\"\",\"image_height\":\"350\",\"nav_color\":\"\"},\"children\":[{\"type\":\"slider_item\",\"props\":{\"title\":\"\",\"image\":\"wp-content\\\/uploads\\\/2020\\\/11\\\/sauvignon-blanc_etichette_1.jpg\"}},{\"type\":\"slider_item\",\"props\":{\"title\":\"\",\"image\":\"wp-content\\\/uploads\\\/2020\\\/11\\\/sauvignon-blanc_1.jpg\"}}]}]}]},{\"type\":\"row\",\"children\":[{\"type\":\"column\",\"props\":{\"image_position\":\"center-center\",\"media_overlay_gradient\":\"\"},\"children\":[{\"type\":\"switcher\",\"props\":{\"show_title\":true,\"show_meta\":true,\"show_content\":true,\"show_image\":true,\"show_link\":true,\"show_label\":true,\"show_thumbnail\":true,\"switcher_style\":\"tab\",\"switcher_thumbnail_svg_color\":\"emphasis\",\"switcher_position\":\"top\",\"switcher_align\":\"left\",\"switcher_grid_width\":\"auto\",\"switcher_grid_breakpoint\":\"m\",\"switcher_animation\":\"fade\",\"switcher_height\":true,\"title_element\":\"h3\",\"title_align\":\"top\",\"title_grid_width\":\"1-2\",\"title_grid_breakpoint\":\"m\",\"meta_style\":\"meta\",\"meta_align\":\"below-title\",\"meta_element\":\"div\",\"content_column_breakpoint\":\"m\",\"image_svg_color\":\"emphasis\",\"image_align\":\"top\",\"image_grid_width\":\"1-2\",\"image_grid_breakpoint\":\"m\",\"switcher_thumbnail_width\":\"100\",\"switcher_thumbnail_height\":\"75\",\"link_text\":\"Read more\",\"link_style\":\"default\",\"margin\":\"default\",\"css\":\".el-title{display:none;}\\n.el-content>p>strong{width:120px;}\"},\"children\":[{\"type\":\"switcher_item\",\"props\":{\"title\":\"Details\",\"content\":\"\n\n<h2 class=\\\"Standard\\\">Odisseo Man\\u00f2KA \\u2013 Sauvignon Blanc I.G.T.<\\\/h2>\\n\n\n<p class=\\\"Standard\\\">Sonne, Meer, klarer Himmel, fruchtbare Erde, in der Luft liegt der Duft von Blumen und Fr\\u00fcchten \\u2026 alle diese Elemente sind in den Trauben des Sauvignon Blanc konzentriert, einzigartige Eigenschaften, die nur die sizilianischen Erde hervorbringen kann. Gelb und Gr\\u00fcn vereinigen sich im Kelch und erinnern uns an wei\\u00dfe Holunder- und Ginsterbl\\u00fcten, an die delikaten Noten von Paprika und Tomatenbl\\u00e4ttern. Auf den Gaumen treffen Noten von gelben Fr\\u00fcchten, explodieren Aromen von Pfirsichen, Aprikosen und Cantaloupe-Melonen, die uns zu einer unvergesslichen Reise in die warmen Regionen Siziliens einladen. Und wenn man glaubt, all seine Geschmacksnoten entdeckt zu haben, enth\\u00fcllt Man\\u00f2Ka im Grunde des Kelches sein letztes Geheimnis und man entdeckt sein vollendetes Geschmackserlebnis. Man\\u00f2ka ist ein exzentrischer Wein, weich, samtig und zur gleichen Zeit ein Wein mit Finesse. Die sizilianische Erde hat ihn produziert und wir genie\\u00dfen ihn\\u2026 Man\\u00f2Ka\\u2026 Man\\u00f2Ka!<\\\/p>\"}},{\"type\":\"switcher_item\",\"props\":{\"title\":\"Mehr informationen\",\"content\":\"\n\n<table id=\\\"product-attribute-specs-table\\\" class=\\\"data table additional-attributes\\\">\\n\n\n<tbody>\\n\n\n<tr>\\n\n\n<th class=\\\"col label\\\" scope=\\\"row\\\">Klassifizierung<\\\/th>\\n\n\n<td class=\\\"col data\\\" data-th=\\\"Klassifizierung\\\">Sauvignon Blanc I.G.T. Terre Siciliane<\\\/td>\\n<\\\/tr>\\n\n\n<tr>\\n\n\n<th class=\\\"col label\\\" scope=\\\"row\\\">Weinart<\\\/th>\\n\n\n<td class=\\\"col data\\\" data-th=\\\"Weinart\\\">Wei\\u00dfwein<\\\/td>\\n<\\\/tr>\\n\n\n<tr>\\n\n\n<th class=\\\"col label\\\" scope=\\\"row\\\">Rebsorten<\\\/th>\\n\n\n<td class=\\\"col data\\\" data-th=\\\"Rebsorten\\\">100% Sauvignon Blanc<\\\/td>\\n<\\\/tr>\\n\n\n<tr>\\n\n\n<th class=\\\"col label\\\" scope=\\\"row\\\">Alkoholgehalt<\\\/th>\\n\n\n<td class=\\\"col data\\\" data-th=\\\"Alkoholgehalt\\\">12,0% Vol.<\\\/td>\\n<\\\/tr>\\n\n\n<tr>\\n\n\n<th class=\\\"col label\\\" scope=\\\"row\\\">Farbe<\\\/th>\\n\n\n<td class=\\\"col data\\\" data-th=\\\"Farbe\\\">Strohgelb<\\\/td>\\n<\\\/tr>\\n\n\n<tr>\\n\n\n<th class=\\\"col label\\\" scope=\\\"row\\\">Lagerf\\u00e4higkeit<\\\/th>\\n\n\n<td class=\\\"col data\\\" data-th=\\\"Lagerf\\u00e4higkeit\\\">1 \\\/ 2 Jahre<\\\/td>\\n<\\\/tr>\\n\n\n<tr>\\n\n\n<th class=\\\"col label\\\" scope=\\\"row\\\">Speiseempfehlungen<\\\/th>\\n\n\n<td class=\\\"col data\\\" data-th=\\\"Speiseempfehlungen\\\">Aperitifs, Fischgerichten, Erste Hauptspeisen, Gekochtes<\\\/td>\\n<\\\/tr>\\n\n\n<tr>\\n\n\n<th class=\\\"col label\\\" scope=\\\"row\\\">Serviertemperatur<\\\/th>\\n\n\n<td class=\\\"col data\\\" data-th=\\\"Serviertemperatur\\\">10\\\/12 \\u00baC<\\\/td>\\n<\\\/tr>\\n\n\n<tr>\\n\n\n<th class=\\\"col label\\\" scope=\\\"row\\\">Geschmack<\\\/th>\\n\n\n<td class=\\\"col data\\\" data-th=\\\"Geschmack\\\">Weich, samtig, aromatisch, warm und delikat<\\\/td>\\n<\\\/tr>\\n\n\n<tr>\\n\n\n<th class=\\\"col label\\\" scope=\\\"row\\\">Geruch<\\\/th>\\n\n\n<td class=\\\"col data\\\" data-th=\\\"Geruch\\\">Offen, intensiv, anhaltend mit Nuancen von wei\\u00dfen und gelben Blumen, leichte Noten von Gras<\\\/td>\\n<\\\/tr>\\n\n\n<tr>\\n\n\n<th class=\\\"col label\\\" scope=\\\"row\\\">Abf\\u00fcllmenge<\\\/th>\\n\n\n<td class=\\\"col data\\\" data-th=\\\"Abf\\u00fcllmenge\\\">750 ml<\\\/td>\\n<\\\/tr>\\n\n\n<tr>\\n\n\n<th class=\\\"col label\\\" scope=\\\"row\\\">Anbaugebiet<\\\/th>\\n\n\n<td class=\\\"col data\\\" data-th=\\\"Anbaugebiet\\\">Sizilien<\\\/td>\\n<\\\/tr>\\n\n\n<tr>\\n\n\n<th class=\\\"col label\\\" scope=\\\"row\\\">H\\u00f6he<\\\/th>\\n\n\n<td class=\\\"col data\\\" data-th=\\\"H\\u00f6he\\\">90-150m \\u00fcber dem Meeresspiegel<\\\/td>\\n<\\\/tr>\\n\n\n<tr>\\n\n\n<th class=\\\"col label\\\" scope=\\\"row\\\">Erziehungsform<\\\/th>\\n\n\n<td class=\\\"col data\\\" data-th=\\\"Erziehungsform\\\">Spaliererziehung<\\\/td>\\n<\\\/tr>\\n\n\n<tr>\\n\n\n<th class=\\\"col label\\\" scope=\\\"row\\\">Anbaudichte<\\\/th>\\n\n\n<td class=\\\"col data\\\" data-th=\\\"Anbaudichte\\\">4000\\\/5000 Rebst\\u00f6cke pro Hektar<\\\/td>\\n<\\\/tr>\\n\n\n<tr>\\n\n\n<th class=\\\"col label\\\" scope=\\\"row\\\">Weinbereitung<\\\/th>\\n\n\n<td class=\\\"col data\\\" data-th=\\\"Weinbereitung\\\">Abbeerung, gefolgt von einer Cryo-Mazeration bei 5-8\\u00b0C. Der Most wird in thermoregulierte Edelstahlbeh\\u00e4lter gef\\u00fcllt, um eine langsame Fermentierung zu gew\\u00e4hren.<\\\/td>\\n<\\\/tr>\\n\n\n<tr>\\n\n\n<th class=\\\"col label\\\" scope=\\\"row\\\">Ertrag pro Hektar<\\\/th>\\n\n\n<td class=\\\"col data\\\" data-th=\\\"Ertrag pro Hektar\\\">85dz<\\\/td>\\n<\\\/tr>\\n\n\n<tr>\\n\n\n<th class=\\\"col label\\\" scope=\\\"row\\\">Zeitraum der Weinlese<\\\/th>\\n\n\n<td class=\\\"col data\\\" data-th=\\\"Zeitraum der Weinlese\\\">Ende 2. Augustdekade<\\\/td>\\n<\\\/tr>\\n<\\\/tbody>\\n<\\\/table>\"}},{\"type\":\"switcher_item\",\"props\":{\"title\":\"Datenblatt\",\"content\":\"\n\n<p><a href=\\\"https:\\\/\\\/yoomultimedia.com\\\/demo\\\/candido\\\/de\\\/wp-content\\\/uploads\\\/sites\\\/6\\\/2021\\\/02\\\/DE-ODISSEO-italienische-Weine-Sauvignon-Blanc.pdf\\\" target=\\\"_blank\\\" rel=\\\"noopener\\\">Aussicht<\\\/a><\\\/p>\"}}]}]}]}]}],\"version\":\"2.3.12\"} --><\/p>\n","protected":false},"excerpt":{"rendered":"<p>Man\u00f2KA &#8211; Sauvignon Blanc I.G.T.Sizilianische Weine Odisseo Sonne, Meer, klarer Himmel, fruchtbare Erde, in der Luft liegt der Duft von Blumen und Fr\u00fcchten \u2026 alle diese Elemente sind in den Trauben des Sauvignon Blanc konzentriert, einzigartige Eigenschaften, die nur die sizilianischen Erde hervorbringen kann. Details Odisseo Man\u00f2KA \u2013 Sauvignon Blanc I.G.T. Sonne, Meer, klarer Himmel, [&hellip;]<\/p>\n","protected":false},"author":1,"featured_media":0,"parent":0,"menu_order":0,"comment_status":"closed","ping_status":"closed","template":"","meta":{"_acf_changed":false,"footnotes":""},"class_list":["post-1348","page","type-page","status-publish","hentry"],"acf":[],"yoast_head":"<!-- This site is optimized with the Yoast SEO plugin v26.2 - https:\/\/yoast.com\/wordpress\/plugins\/seo\/ -->\n<title>Man\u00f2ka Sauvignon Blanc - Candido Italy - Food &amp; Wine - Wein, Fleisch und Sizilische Typische Produkte<\/title>\n<meta name=\"robots\" content=\"index, follow, max-snippet:-1, max-image-preview:large, max-video-preview:-1\" \/>\n<link rel=\"canonical\" href=\"https:\/\/candidoitaly.com\/de\/manoka-sauvignon-blanc\/\" \/>\n<meta property=\"og:locale\" content=\"en_US\" \/>\n<meta property=\"og:type\" content=\"article\" \/>\n<meta property=\"og:title\" content=\"Man\u00f2ka Sauvignon Blanc - Candido Italy - Food &amp; Wine - Wein, Fleisch und Sizilische Typische Produkte\" \/>\n<meta property=\"og:description\" content=\"Man\u00f2KA &#8211; Sauvignon Blanc I.G.T.Sizilianische Weine Odisseo Sonne, Meer, klarer Himmel, fruchtbare Erde, in der Luft liegt der Duft von Blumen und Fr\u00fcchten \u2026 alle diese Elemente sind in den Trauben des Sauvignon Blanc konzentriert, einzigartige Eigenschaften, die nur die sizilianischen Erde hervorbringen kann. Details Odisseo Man\u00f2KA \u2013 Sauvignon Blanc I.G.T. Sonne, Meer, klarer Himmel, [&hellip;]\" \/>\n<meta property=\"og:url\" content=\"https:\/\/candidoitaly.com\/de\/manoka-sauvignon-blanc\/\" \/>\n<meta property=\"og:site_name\" content=\"Candido Italy - Food &amp; Wine - Wein, Fleisch und Sizilische Typische Produkte\" \/>\n<meta property=\"article:modified_time\" content=\"2021-02-25T11:17:47+00:00\" \/>\n<meta name=\"twitter:card\" content=\"summary_large_image\" \/>\n<meta name=\"twitter:label1\" content=\"Est. reading time\" \/>\n\t<meta name=\"twitter:data1\" content=\"2 minutes\" \/>\n<script type=\"application\/ld+json\" class=\"yoast-schema-graph\">{\"@context\":\"https:\/\/schema.org\",\"@graph\":[{\"@type\":\"WebPage\",\"@id\":\"https:\/\/candidoitaly.com\/de\/manoka-sauvignon-blanc\/\",\"url\":\"https:\/\/candidoitaly.com\/de\/manoka-sauvignon-blanc\/\",\"name\":\"Man\u00f2ka Sauvignon Blanc - Candido Italy - Food &amp; Wine - Wein, Fleisch und Sizilische Typische Produkte\",\"isPartOf\":{\"@id\":\"https:\/\/candidoitaly.com\/de\/#website\"},\"datePublished\":\"2020-10-26T11:59:39+00:00\",\"dateModified\":\"2021-02-25T11:17:47+00:00\",\"breadcrumb\":{\"@id\":\"https:\/\/candidoitaly.com\/de\/manoka-sauvignon-blanc\/#breadcrumb\"},\"inLanguage\":\"en-US\",\"potentialAction\":[{\"@type\":\"ReadAction\",\"target\":[\"https:\/\/candidoitaly.com\/de\/manoka-sauvignon-blanc\/\"]}]},{\"@type\":\"BreadcrumbList\",\"@id\":\"https:\/\/candidoitaly.com\/de\/manoka-sauvignon-blanc\/#breadcrumb\",\"itemListElement\":[{\"@type\":\"ListItem\",\"position\":1,\"name\":\"Home\",\"item\":\"https:\/\/candidoitaly.com\/de\/\"},{\"@type\":\"ListItem\",\"position\":2,\"name\":\"Man\u00f2ka Sauvignon Blanc\"}]},{\"@type\":\"WebSite\",\"@id\":\"https:\/\/candidoitaly.com\/de\/#website\",\"url\":\"https:\/\/candidoitaly.com\/de\/\",\"name\":\"Candido Italy - Food &amp; Wine - Wein, Fleisch und Sizilische Typische Produkte\",\"description\":\"Food &amp; Wine - Vino, Carne e Prodotti Tipici Siciliani\",\"potentialAction\":[{\"@type\":\"SearchAction\",\"target\":{\"@type\":\"EntryPoint\",\"urlTemplate\":\"https:\/\/candidoitaly.com\/de\/?s={search_term_string}\"},\"query-input\":{\"@type\":\"PropertyValueSpecification\",\"valueRequired\":true,\"valueName\":\"search_term_string\"}}],\"inLanguage\":\"en-US\"}]}<\/script>\n<!-- \/ Yoast SEO plugin. -->","yoast_head_json":{"title":"Man\u00f2ka Sauvignon Blanc - Candido Italy - Food &amp; Wine - Wein, Fleisch und Sizilische Typische Produkte","robots":{"index":"index","follow":"follow","max-snippet":"max-snippet:-1","max-image-preview":"max-image-preview:large","max-video-preview":"max-video-preview:-1"},"canonical":"https:\/\/candidoitaly.com\/de\/manoka-sauvignon-blanc\/","og_locale":"en_US","og_type":"article","og_title":"Man\u00f2ka Sauvignon Blanc - Candido Italy - Food &amp; Wine - Wein, Fleisch und Sizilische Typische Produkte","og_description":"Man\u00f2KA &#8211; Sauvignon Blanc I.G.T.Sizilianische Weine Odisseo Sonne, Meer, klarer Himmel, fruchtbare Erde, in der Luft liegt der Duft von Blumen und Fr\u00fcchten \u2026 alle diese Elemente sind in den Trauben des Sauvignon Blanc konzentriert, einzigartige Eigenschaften, die nur die sizilianischen Erde hervorbringen kann. Details Odisseo Man\u00f2KA \u2013 Sauvignon Blanc I.G.T. Sonne, Meer, klarer Himmel, [&hellip;]","og_url":"https:\/\/candidoitaly.com\/de\/manoka-sauvignon-blanc\/","og_site_name":"Candido Italy - Food &amp; Wine - Wein, Fleisch und Sizilische Typische Produkte","article_modified_time":"2021-02-25T11:17:47+00:00","twitter_card":"summary_large_image","twitter_misc":{"Est. reading time":"2 minutes"},"schema":{"@context":"https:\/\/schema.org","@graph":[{"@type":"WebPage","@id":"https:\/\/candidoitaly.com\/de\/manoka-sauvignon-blanc\/","url":"https:\/\/candidoitaly.com\/de\/manoka-sauvignon-blanc\/","name":"Man\u00f2ka Sauvignon Blanc - Candido Italy - Food &amp; Wine - Wein, Fleisch und Sizilische Typische Produkte","isPartOf":{"@id":"https:\/\/candidoitaly.com\/de\/#website"},"datePublished":"2020-10-26T11:59:39+00:00","dateModified":"2021-02-25T11:17:47+00:00","breadcrumb":{"@id":"https:\/\/candidoitaly.com\/de\/manoka-sauvignon-blanc\/#breadcrumb"},"inLanguage":"en-US","potentialAction":[{"@type":"ReadAction","target":["https:\/\/candidoitaly.com\/de\/manoka-sauvignon-blanc\/"]}]},{"@type":"BreadcrumbList","@id":"https:\/\/candidoitaly.com\/de\/manoka-sauvignon-blanc\/#breadcrumb","itemListElement":[{"@type":"ListItem","position":1,"name":"Home","item":"https:\/\/candidoitaly.com\/de\/"},{"@type":"ListItem","position":2,"name":"Man\u00f2ka Sauvignon Blanc"}]},{"@type":"WebSite","@id":"https:\/\/candidoitaly.com\/de\/#website","url":"https:\/\/candidoitaly.com\/de\/","name":"Candido Italy - Food &amp; Wine - Wein, Fleisch und Sizilische Typische Produkte","description":"Food &amp; Wine - Vino, Carne e Prodotti Tipici Siciliani","potentialAction":[{"@type":"SearchAction","target":{"@type":"EntryPoint","urlTemplate":"https:\/\/candidoitaly.com\/de\/?s={search_term_string}"},"query-input":{"@type":"PropertyValueSpecification","valueRequired":true,"valueName":"search_term_string"}}],"inLanguage":"en-US"}]}},"_links":{"self":[{"href":"https:\/\/candidoitaly.com\/de\/wp-json\/wp\/v2\/pages\/1348","targetHints":{"allow":["GET"]}}],"collection":[{"href":"https:\/\/candidoitaly.com\/de\/wp-json\/wp\/v2\/pages"}],"about":[{"href":"https:\/\/candidoitaly.com\/de\/wp-json\/wp\/v2\/types\/page"}],"author":[{"embeddable":true,"href":"https:\/\/candidoitaly.com\/de\/wp-json\/wp\/v2\/users\/1"}],"replies":[{"embeddable":true,"href":"https:\/\/candidoitaly.com\/de\/wp-json\/wp\/v2\/comments?post=1348"}],"version-history":[{"count":7,"href":"https:\/\/candidoitaly.com\/de\/wp-json\/wp\/v2\/pages\/1348\/revisions"}],"predecessor-version":[{"id":1767,"href":"https:\/\/candidoitaly.com\/de\/wp-json\/wp\/v2\/pages\/1348\/revisions\/1767"}],"wp:attachment":[{"href":"https:\/\/candidoitaly.com\/de\/wp-json\/wp\/v2\/media?parent=1348"}],"curies":[{"name":"wp","href":"https:\/\/api.w.org\/{rel}","templated":true}]}}