{"id":1342,"date":"2020-10-26T11:58:59","date_gmt":"2020-10-26T11:58:59","guid":{"rendered":"http:\/\/yoomultimedia.com\/demo\/candido\/de\/?page_id=1342"},"modified":"2021-02-25T12:17:15","modified_gmt":"2021-02-25T11:17:15","slug":"insolia-bianco-doc","status":"publish","type":"page","link":"https:\/\/candidoitaly.com\/de\/insolia-bianco-doc\/","title":{"rendered":"Insolia Bianco DOC"},"content":{"rendered":"<h1>\n<p>Insolia &#8211; Bianco D.O.C.<br \/>Sizilianische Weine<br \/>\n Odisseo<\/p>\n<\/h1>\n<div>\n<p>Die Exklusivit\u00e4t seines Anbaugebiets (Sizilien\/Toskana) und die Ungewissheit der Herkunft seines Namens machen diesen Wein faszinierend und mysteri\u00f6s. Die einzige Gewissheit sind die goldfarbenen Insoliatrauben, die an die sonnige W\u00e4rme des Lebens erinnern und die des guten Weines, der uns begleitet. Seine stilisierte Sonne symbolisiert Modernit\u00e4t mit der gleichen Qualit\u00e4t der guten alten Zeiten.<\/p>\n<\/div>\n<ul>\n<li>\n<p>        <img decoding=\"async\" src=\"\/demo\/candido\/de\/wp-content\/uploads\/2020\/11\/insolia_doc_vino_siciliano_1.jpg\" alt=\"\"><\/p>\n<\/li>\n<li>\n<p>        <img decoding=\"async\" src=\"\/demo\/candido\/de\/wp-content\/uploads\/2020\/11\/insolia_doc_vino_siciliano_composizione.jpg\" alt=\"\"><\/p>\n<\/li>\n<li>\n<p>        <img decoding=\"async\" src=\"\/demo\/candido\/de\/wp-content\/uploads\/2020\/11\/insolia_doc_vino_siciliano_ef.jpg\" alt=\"\"><\/p>\n<\/li>\n<li>\n<p>        <img decoding=\"async\" src=\"\/demo\/candido\/de\/wp-content\/uploads\/2020\/11\/insolia_doc_vino_siciliano_retro.jpg\" alt=\"\"><\/p>\n<\/li>\n<\/ul>\n<ul>\n<li>\n<h3>Details<\/h3>\n<div>\n<h2>Odisseo Insolia D.O.C. Sizilien<\/h2>\n<p>Insolia D.O.C. die Odisseo keller ist ein Wei\u00dfwein mit strohgelber Farbe und einem harmonischen und sanft fruchtigen Geschmack. In der Nase ist Insolia Odisseo fruchtig, intensiv und anhaltend. Insolia Odisseo hat einen Alkoholgehalt von 12,5% Vol. Und eine Alterungsf\u00e4higkeit von 2\/3 Jahren. Es wird bei 10 \u00b0 serviert, kann als Aperitif oder zu einer Mahlzeit aus Fisch, wei\u00dfem Fleisch, Marinaden, Rohkost oder Gem\u00fcse verzehrt werden. Insolia Odisseo ist ein Wein, der in seinem Geschmack und seiner Farbe die Essenz des Landes, in dem er geboren wurde, hervorbringt und seine Ausstrahlung voll zum Ausdruck bringt.<\/p>\n<h3>Geschichte<\/h3>\n<p>Die Insolia-Traube (auch Inzolia oder Anzonica genannt) ist die \u00e4lteste einheimische sizilianische Rebsorte, die sp\u00e4ter in anderen Teilen Italiens verbreitet wurde, insbesondere in Sardinien, Latium und der Toskana. Einige Quellen behaupten jedoch, dass es aufgrund seines Namens franz\u00f6sischen Ursprungs ist: Insolia oder Inzonia, es w\u00fcrde von Ansoria abstammen, das den franz\u00f6sischen Begriff &#8220;sorie&#8221; enth\u00e4lt, der wiederum die goldene Farbe seiner Beeren anzeigt. Es wird daher angenommen, dass seine Ankunft in Sizilien mit der Ankunft der Normannen erfolgte.<\/p>\n<h3>Die Pflanze<\/h3>\n<p>Die Insolia-Weinpflanze hat sp\u00e4rliches Laub, wodurch sie gegen trockenes Klima resistent ist und weniger Wasser f\u00fcr den Anbau verwendet werden kann. Das Insolia-Blatt ist mittelgro\u00df und der gro\u00dfe Haufen verzweigt sich in zwei Teile, wobei ovale, gelb gef\u00e4rbte Beeren entstehen, die sp\u00e4rlich wachsen.<\/p>\n<h3>Anbau<\/h3>\n<p>Der Insolia-Keller Odysseus wird in Bufalefi contraa (Noto) kultiviert. Von den Weinbergen von Odisseo aus k\u00f6nnen Sie das Meer der Vendicari-Oase bewundern. Der Insolia-Weinberg der Odisseo-Keller wird mit der Methode &#8220;Counter Spalier&#8221; oder &#8220;Sporn Cordon&#8221; kultiviert, die aus einer gemischten Struktur besteht, die aus Holzst\u00fctzen besteht, die sich mit Metallstangen abwechseln, die von 5 Edelstahlkabeln gekreuzt werden, auf denen die Weinpflanze steht entwickelt sich vertikal. Diese Anbautechnik erm\u00f6glicht gleichzeitig eine hervorragende Sonneneinstrahlung der Bl\u00e4tter und eine gute Schattenbedeckung der Trauben. All dies erm\u00f6glicht eine gute Reifung und eine ausgewogene Produktion. Die Trauben werden von Hand ausgew\u00e4hlt und geerntet.<\/p>\n<\/div>\n<\/li>\n<li>\n<h3>Mehr informationen<\/h3>\n<div>\n<table id=\"product-attribute-specs-table\" class=\"data table additional-attributes\">\n<tbody>\n<tr>\n<th class=\"col label\" scope=\"row\">Klassifizierung<\/th>\n<td class=\"col data\" data-th=\"Klassifizierung\">Insolia D.O.C. Sizilien<\/td>\n<\/tr>\n<tr>\n<th class=\"col label\" scope=\"row\">Weinart<\/th>\n<td class=\"col data\" data-th=\"Weinart\">Wei\u00dfwein<\/td>\n<\/tr>\n<tr>\n<th class=\"col label\" scope=\"row\">Rebsorten<\/th>\n<td class=\"col data\" data-th=\"Rebsorten\">100% Insolia<\/td>\n<\/tr>\n<tr>\n<th class=\"col label\" scope=\"row\">Alkoholgehalt<\/th>\n<td class=\"col data\" data-th=\"Alkoholgehalt\">12,5% Vol.<\/td>\n<\/tr>\n<tr>\n<th class=\"col label\" scope=\"row\">Farbe<\/th>\n<td class=\"col data\" data-th=\"Farbe\">Strohgelb<\/td>\n<\/tr>\n<tr>\n<th class=\"col label\" scope=\"row\">Lagerf\u00e4higkeit<\/th>\n<td class=\"col data\" data-th=\"Lagerf\u00e4higkeit\">2 \/ 3 Jahre<\/td>\n<\/tr>\n<tr>\n<th class=\"col label\" scope=\"row\">Speiseempfehlungen<\/th>\n<td class=\"col data\" data-th=\"Speiseempfehlungen\">Aperitifs, wei\u00dfe Fleischsorten, Fischgerichten, Erste Hauptspeisen, Gekochtes<\/td>\n<\/tr>\n<tr>\n<th class=\"col label\" scope=\"row\">Serviertemperatur<\/th>\n<td class=\"col data\" data-th=\"Serviertemperatur\">10\u00b0 C<\/td>\n<\/tr>\n<tr>\n<th class=\"col label\" scope=\"row\">Geschmack<\/th>\n<td class=\"col data\" data-th=\"Geschmack\">Harmonisch und leicht fruchtig<\/td>\n<\/tr>\n<tr>\n<th class=\"col label\" scope=\"row\">Geruch<\/th>\n<td class=\"col data\" data-th=\"Geruch\">Fruchtig, intensiv und anhaltend<\/td>\n<\/tr>\n<tr>\n<th class=\"col label\" scope=\"row\">Abf\u00fcllmenge<\/th>\n<td class=\"col data\" data-th=\"Abf\u00fcllmenge\">750 ml<\/td>\n<\/tr>\n<tr>\n<th class=\"col label\" scope=\"row\">Anbaugebiet<\/th>\n<td class=\"col data\" data-th=\"Anbaugebiet\">Contrada Bufalefi (Noto), im Eloro D.O.C. Gebiet, an einem Hang, der sich in der unmittelbaren N\u00e4he des Naturparks Vendicari befindet.<\/td>\n<\/tr>\n<tr>\n<th class=\"col label\" scope=\"row\">H\u00f6he<\/th>\n<td class=\"col data\" data-th=\"H\u00f6he\">60m \u00fcber dem Meeresspiegel<\/td>\n<\/tr>\n<tr>\n<th class=\"col label\" scope=\"row\">Erziehungsform<\/th>\n<td class=\"col data\" data-th=\"Erziehungsform\">Spaliererziehung mit Kordon<\/td>\n<\/tr>\n<tr>\n<th class=\"col label\" scope=\"row\">Anbaudichte<\/th>\n<td class=\"col data\" data-th=\"Anbaudichte\">4500\/5000 Rebst\u00f6cke pro Hektar<\/td>\n<\/tr>\n<tr>\n<th class=\"col label\" scope=\"row\">Weinbereitung<\/th>\n<td class=\"col data\" data-th=\"Weinbereitung\">Abbeerung und Kaltmazeration, danach sanfte Pressung. Der Most wird in thermoregulierte Edelstahlbeh\u00e4lter gef\u00fcllt, um eine langsame Fermentierung zu gew\u00e4hren.<\/td>\n<\/tr>\n<tr>\n<th class=\"col label\" scope=\"row\">Ertrag pro Hektar<\/th>\n<td class=\"col data\" data-th=\"Ertrag pro Hektar\">80dz<\/td>\n<\/tr>\n<tr>\n<th class=\"col label\" scope=\"row\">Zeitraum der Weinlese<\/th>\n<td class=\"col data\" data-th=\"Zeitraum der Weinlese\">1.\/2. Septemberdekade<\/td>\n<\/tr>\n<\/tbody>\n<\/table>\n<\/div>\n<\/li>\n<li>\n<h3>Datenblatt<\/h3>\n<div>\n<p><a href=\"https:\/\/candidoitaly.com\/de\/wp-content\/uploads\/sites\/6\/2021\/02\/DE-ODISSEO-italienische-Weine-Datenblatt-web-Insolia.pdf\" target=\"_blank\" rel=\"noopener\">Aussicht<\/a><\/p>\n<\/div>\n<\/li>\n<\/ul>\n<p><!-- {\"name\":\"Prodotto\",\"type\":\"layout\",\"children\":[{\"type\":\"section\",\"props\":{\"style\":\"default\",\"width\":\"default\",\"vertical_align\":\"middle\",\"title_position\":\"top-left\",\"title_rotation\":\"left\",\"title_breakpoint\":\"xl\",\"image_position\":\"center-center\",\"padding_remove_top\":true},\"children\":[{\"type\":\"row\",\"props\":{\"layout\":\"1-2,1-2\"},\"children\":[{\"type\":\"column\",\"props\":{\"image_position\":\"center-center\",\"media_overlay_gradient\":\"\",\"width_medium\":\"1-2\",\"vertical_align\":\"middle\"},\"children\":[{\"type\":\"headline\",\"props\":{\"title_element\":\"h1\",\"content\":\"\n\n<p>Insolia - Bianco D.O.C.<br \\\/>Sizilianische Weine\\n Odisseo<\\\/p>\"}},{\"type\":\"text\",\"props\":{\"margin\":\"default\",\"column_breakpoint\":\"m\",\"content\":\"\n\n<p>Die Exklusivit\\u00e4t seines Anbaugebiets (Sizilien\\\/Toskana) und die Ungewissheit der Herkunft seines Namens machen diesen Wein faszinierend und mysteri\\u00f6s. Die einzige Gewissheit sind die goldfarbenen Insoliatrauben, die an die sonnige W\\u00e4rme des Lebens erinnern und die des guten Weines, der uns begleitet. Seine stilisierte Sonne symbolisiert Modernit\\u00e4t mit der gleichen Qualit\\u00e4t der guten alten Zeiten.<\\\/p>\"}}]},{\"type\":\"column\",\"props\":{\"image_position\":\"center-center\",\"media_overlay_gradient\":\"\",\"width_medium\":\"1-2\",\"vertical_align\":\"middle\"},\"children\":[{\"type\":\"slider\",\"props\":{\"show_title\":true,\"show_meta\":true,\"show_content\":true,\"show_link\":true,\"slider_width\":\"fixed\",\"slider_width_default\":\"1-1\",\"slider_width_medium\":\"1-1\",\"slider_min_height\":\"200\",\"slider_gap\":\"default\",\"slider_autoplay_pause\":true,\"nav\":\"dotnav\",\"nav_align\":\"center\",\"nav_breakpoint\":\"s\",\"slidenav\":\"\",\"slidenav_margin\":\"medium\",\"slidenav_breakpoint\":\"s\",\"slidenav_outside_breakpoint\":\"xl\",\"overlay_mode\":\"cover\",\"overlay_position\":\"center\",\"overlay_transition\":\"fade\",\"title_hover_style\":\"reset\",\"title_element\":\"h3\",\"meta_style\":\"meta\",\"meta_align\":\"below-title\",\"meta_element\":\"div\",\"link_text\":\"Read more\",\"link_style\":\"default\",\"text_align\":\"center\",\"margin\":\"default\",\"slider_height\":\"\",\"image_height\":\"350\",\"nav_color\":\"\"},\"children\":[{\"type\":\"slider_item\",\"props\":{\"title\":\"\",\"image\":\"wp-content\\\/uploads\\\/2020\\\/11\\\/insolia_doc_vino_siciliano_1.jpg\"}},{\"type\":\"slider_item\",\"props\":{\"title\":\"\",\"image\":\"wp-content\\\/uploads\\\/2020\\\/11\\\/insolia_doc_vino_siciliano_composizione.jpg\"}},{\"type\":\"slider_item\",\"props\":{\"title\":\"\",\"image\":\"wp-content\\\/uploads\\\/2020\\\/11\\\/insolia_doc_vino_siciliano_ef.jpg\"}},{\"type\":\"slider_item\",\"props\":{\"title\":\"\",\"image\":\"wp-content\\\/uploads\\\/2020\\\/11\\\/insolia_doc_vino_siciliano_retro.jpg\"}}]}]}]},{\"type\":\"row\",\"children\":[{\"type\":\"column\",\"props\":{\"image_position\":\"center-center\",\"media_overlay_gradient\":\"\"},\"children\":[{\"type\":\"switcher\",\"props\":{\"show_title\":true,\"show_meta\":true,\"show_content\":true,\"show_image\":true,\"show_link\":true,\"show_label\":true,\"show_thumbnail\":true,\"switcher_style\":\"tab\",\"switcher_thumbnail_svg_color\":\"emphasis\",\"switcher_position\":\"top\",\"switcher_align\":\"left\",\"switcher_grid_width\":\"auto\",\"switcher_grid_breakpoint\":\"m\",\"switcher_animation\":\"fade\",\"switcher_height\":true,\"title_element\":\"h3\",\"title_align\":\"top\",\"title_grid_width\":\"1-2\",\"title_grid_breakpoint\":\"m\",\"meta_style\":\"meta\",\"meta_align\":\"below-title\",\"meta_element\":\"div\",\"content_column_breakpoint\":\"m\",\"image_svg_color\":\"emphasis\",\"image_align\":\"top\",\"image_grid_width\":\"1-2\",\"image_grid_breakpoint\":\"m\",\"switcher_thumbnail_width\":\"100\",\"switcher_thumbnail_height\":\"75\",\"link_text\":\"Read more\",\"link_style\":\"default\",\"margin\":\"default\",\"css\":\".el-title{display:none;}\\n.el-content>p>strong{width:120px;}\"},\"children\":[{\"type\":\"switcher_item\",\"props\":{\"title\":\"Details\",\"content\":\"\n\n<h2>Odisseo Insolia D.O.C. Sizilien<\\\/h2>\\n\n\n<p>Insolia D.O.C. die Odisseo keller ist ein Wei\\u00dfwein mit strohgelber Farbe und einem harmonischen und sanft fruchtigen Geschmack. In der Nase ist Insolia Odisseo fruchtig, intensiv und anhaltend. Insolia Odisseo hat einen Alkoholgehalt von 12,5% Vol. Und eine Alterungsf\\u00e4higkeit von 2\\\/3 Jahren. Es wird bei 10 \\u00b0 serviert, kann als Aperitif oder zu einer Mahlzeit aus Fisch, wei\\u00dfem Fleisch, Marinaden, Rohkost oder Gem\\u00fcse verzehrt werden. Insolia Odisseo ist ein Wein, der in seinem Geschmack und seiner Farbe die Essenz des Landes, in dem er geboren wurde, hervorbringt und seine Ausstrahlung voll zum Ausdruck bringt.<\\\/p>\\n\n\n<h3>Geschichte<\\\/h3>\\n\n\n<p>Die Insolia-Traube (auch Inzolia oder Anzonica genannt) ist die \\u00e4lteste einheimische sizilianische Rebsorte, die sp\\u00e4ter in anderen Teilen Italiens verbreitet wurde, insbesondere in Sardinien, Latium und der Toskana. Einige Quellen behaupten jedoch, dass es aufgrund seines Namens franz\\u00f6sischen Ursprungs ist: Insolia oder Inzonia, es w\\u00fcrde von Ansoria abstammen, das den franz\\u00f6sischen Begriff \\\"sorie\\\" enth\\u00e4lt, der wiederum die goldene Farbe seiner Beeren anzeigt. Es wird daher angenommen, dass seine Ankunft in Sizilien mit der Ankunft der Normannen erfolgte.<\\\/p>\\n\n\n<h3>Die Pflanze<\\\/h3>\\n\n\n<p>Die Insolia-Weinpflanze hat sp\\u00e4rliches Laub, wodurch sie gegen trockenes Klima resistent ist und weniger Wasser f\\u00fcr den Anbau verwendet werden kann. Das Insolia-Blatt ist mittelgro\\u00df und der gro\\u00dfe Haufen verzweigt sich in zwei Teile, wobei ovale, gelb gef\\u00e4rbte Beeren entstehen, die sp\\u00e4rlich wachsen.<\\\/p>\\n\n\n<h3>Anbau<\\\/h3>\\n\n\n<p>Der Insolia-Keller Odysseus wird in Bufalefi contraa (Noto) kultiviert. Von den Weinbergen von Odisseo aus k\\u00f6nnen Sie das Meer der Vendicari-Oase bewundern. Der Insolia-Weinberg der Odisseo-Keller wird mit der Methode \\\"Counter Spalier\\\" oder \\\"Sporn Cordon\\\" kultiviert, die aus einer gemischten Struktur besteht, die aus Holzst\\u00fctzen besteht, die sich mit Metallstangen abwechseln, die von 5 Edelstahlkabeln gekreuzt werden, auf denen die Weinpflanze steht entwickelt sich vertikal. Diese Anbautechnik erm\\u00f6glicht gleichzeitig eine hervorragende Sonneneinstrahlung der Bl\\u00e4tter und eine gute Schattenbedeckung der Trauben. All dies erm\\u00f6glicht eine gute Reifung und eine ausgewogene Produktion. Die Trauben werden von Hand ausgew\\u00e4hlt und geerntet.<\\\/p>\"}},{\"type\":\"switcher_item\",\"props\":{\"title\":\"Mehr informationen\",\"content\":\"\n\n<table id=\\\"product-attribute-specs-table\\\" class=\\\"data table additional-attributes\\\">\\n\n\n<tbody>\\n\n\n<tr>\\n\n\n<th class=\\\"col label\\\" scope=\\\"row\\\">Klassifizierung<\\\/th>\\n\n\n<td class=\\\"col data\\\" data-th=\\\"Klassifizierung\\\">Insolia D.O.C. Sizilien<\\\/td>\\n<\\\/tr>\\n\n\n<tr>\\n\n\n<th class=\\\"col label\\\" scope=\\\"row\\\">Weinart<\\\/th>\\n\n\n<td class=\\\"col data\\\" data-th=\\\"Weinart\\\">Wei\\u00dfwein<\\\/td>\\n<\\\/tr>\\n\n\n<tr>\\n\n\n<th class=\\\"col label\\\" scope=\\\"row\\\">Rebsorten<\\\/th>\\n\n\n<td class=\\\"col data\\\" data-th=\\\"Rebsorten\\\">100% Insolia<\\\/td>\\n<\\\/tr>\\n\n\n<tr>\\n\n\n<th class=\\\"col label\\\" scope=\\\"row\\\">Alkoholgehalt<\\\/th>\\n\n\n<td class=\\\"col data\\\" data-th=\\\"Alkoholgehalt\\\">12,5% Vol.<\\\/td>\\n<\\\/tr>\\n\n\n<tr>\\n\n\n<th class=\\\"col label\\\" scope=\\\"row\\\">Farbe<\\\/th>\\n\n\n<td class=\\\"col data\\\" data-th=\\\"Farbe\\\">Strohgelb<\\\/td>\\n<\\\/tr>\\n\n\n<tr>\\n\n\n<th class=\\\"col label\\\" scope=\\\"row\\\">Lagerf\\u00e4higkeit<\\\/th>\\n\n\n<td class=\\\"col data\\\" data-th=\\\"Lagerf\\u00e4higkeit\\\">2 \\\/ 3 Jahre<\\\/td>\\n<\\\/tr>\\n\n\n<tr>\\n\n\n<th class=\\\"col label\\\" scope=\\\"row\\\">Speiseempfehlungen<\\\/th>\\n\n\n<td class=\\\"col data\\\" data-th=\\\"Speiseempfehlungen\\\">Aperitifs, wei\\u00dfe Fleischsorten, Fischgerichten, Erste Hauptspeisen, Gekochtes<\\\/td>\\n<\\\/tr>\\n\n\n<tr>\\n\n\n<th class=\\\"col label\\\" scope=\\\"row\\\">Serviertemperatur<\\\/th>\\n\n\n<td class=\\\"col data\\\" data-th=\\\"Serviertemperatur\\\">10\\u00b0 C<\\\/td>\\n<\\\/tr>\\n\n\n<tr>\\n\n\n<th class=\\\"col label\\\" scope=\\\"row\\\">Geschmack<\\\/th>\\n\n\n<td class=\\\"col data\\\" data-th=\\\"Geschmack\\\">Harmonisch und leicht fruchtig<\\\/td>\\n<\\\/tr>\\n\n\n<tr>\\n\n\n<th class=\\\"col label\\\" scope=\\\"row\\\">Geruch<\\\/th>\\n\n\n<td class=\\\"col data\\\" data-th=\\\"Geruch\\\">Fruchtig, intensiv und anhaltend<\\\/td>\\n<\\\/tr>\\n\n\n<tr>\\n\n\n<th class=\\\"col label\\\" scope=\\\"row\\\">Abf\\u00fcllmenge<\\\/th>\\n\n\n<td class=\\\"col data\\\" data-th=\\\"Abf\\u00fcllmenge\\\">750 ml<\\\/td>\\n<\\\/tr>\\n\n\n<tr>\\n\n\n<th class=\\\"col label\\\" scope=\\\"row\\\">Anbaugebiet<\\\/th>\\n\n\n<td class=\\\"col data\\\" data-th=\\\"Anbaugebiet\\\">Contrada Bufalefi (Noto), im Eloro D.O.C. Gebiet, an einem Hang, der sich in der unmittelbaren N\\u00e4he des Naturparks Vendicari befindet.<\\\/td>\\n<\\\/tr>\\n\n\n<tr>\\n\n\n<th class=\\\"col label\\\" scope=\\\"row\\\">H\\u00f6he<\\\/th>\\n\n\n<td class=\\\"col data\\\" data-th=\\\"H\\u00f6he\\\">60m \\u00fcber dem Meeresspiegel<\\\/td>\\n<\\\/tr>\\n\n\n<tr>\\n\n\n<th class=\\\"col label\\\" scope=\\\"row\\\">Erziehungsform<\\\/th>\\n\n\n<td class=\\\"col data\\\" data-th=\\\"Erziehungsform\\\">Spaliererziehung mit Kordon<\\\/td>\\n<\\\/tr>\\n\n\n<tr>\\n\n\n<th class=\\\"col label\\\" scope=\\\"row\\\">Anbaudichte<\\\/th>\\n\n\n<td class=\\\"col data\\\" data-th=\\\"Anbaudichte\\\">4500\\\/5000 Rebst\\u00f6cke pro Hektar<\\\/td>\\n<\\\/tr>\\n\n\n<tr>\\n\n\n<th class=\\\"col label\\\" scope=\\\"row\\\">Weinbereitung<\\\/th>\\n\n\n<td class=\\\"col data\\\" data-th=\\\"Weinbereitung\\\">Abbeerung und Kaltmazeration, danach sanfte Pressung. Der Most wird in thermoregulierte Edelstahlbeh\\u00e4lter gef\\u00fcllt, um eine langsame Fermentierung zu gew\\u00e4hren.<\\\/td>\\n<\\\/tr>\\n\n\n<tr>\\n\n\n<th class=\\\"col label\\\" scope=\\\"row\\\">Ertrag pro Hektar<\\\/th>\\n\n\n<td class=\\\"col data\\\" data-th=\\\"Ertrag pro Hektar\\\">80dz<\\\/td>\\n<\\\/tr>\\n\n\n<tr>\\n\n\n<th class=\\\"col label\\\" scope=\\\"row\\\">Zeitraum der Weinlese<\\\/th>\\n\n\n<td class=\\\"col data\\\" data-th=\\\"Zeitraum der Weinlese\\\">1.\\\/2. Septemberdekade<\\\/td>\\n<\\\/tr>\\n<\\\/tbody>\\n<\\\/table>\"}},{\"type\":\"switcher_item\",\"props\":{\"content\":\"\n\n<p><a href=\\\"https:\\\/\\\/yoomultimedia.com\\\/demo\\\/candido\\\/de\\\/wp-content\\\/uploads\\\/sites\\\/6\\\/2021\\\/02\\\/DE-ODISSEO-italienische-Weine-Datenblatt-web-Insolia.pdf\\\" target=\\\"_blank\\\" rel=\\\"noopener\\\">Aussicht<\\\/a><\\\/p>\",\"title\":\"Datenblatt\"}}]}]}]}]}],\"version\":\"2.3.12\"} --><\/p>\n","protected":false},"excerpt":{"rendered":"<p>Insolia &#8211; Bianco D.O.C.Sizilianische Weine Odisseo Die Exklusivit\u00e4t seines Anbaugebiets (Sizilien\/Toskana) und die Ungewissheit der Herkunft seines Namens machen diesen Wein faszinierend und mysteri\u00f6s. Die einzige Gewissheit sind die goldfarbenen Insoliatrauben, die an die sonnige W\u00e4rme des Lebens erinnern und die des guten Weines, der uns begleitet. Seine stilisierte Sonne symbolisiert Modernit\u00e4t mit der gleichen [&hellip;]<\/p>\n","protected":false},"author":1,"featured_media":0,"parent":0,"menu_order":0,"comment_status":"closed","ping_status":"closed","template":"","meta":{"_acf_changed":false,"footnotes":""},"class_list":["post-1342","page","type-page","status-publish","hentry"],"acf":[],"yoast_head":"<!-- This site is optimized with the Yoast SEO plugin v26.2 - https:\/\/yoast.com\/wordpress\/plugins\/seo\/ -->\n<title>Insolia Bianco DOC - Candido Italy - Food &amp; Wine - Wein, Fleisch und Sizilische Typische Produkte<\/title>\n<meta name=\"robots\" content=\"index, follow, max-snippet:-1, max-image-preview:large, max-video-preview:-1\" \/>\n<link rel=\"canonical\" href=\"https:\/\/candidoitaly.com\/de\/insolia-bianco-doc\/\" \/>\n<meta property=\"og:locale\" content=\"en_US\" \/>\n<meta property=\"og:type\" content=\"article\" \/>\n<meta property=\"og:title\" content=\"Insolia Bianco DOC - Candido Italy - Food &amp; Wine - Wein, Fleisch und Sizilische Typische Produkte\" \/>\n<meta property=\"og:description\" content=\"Insolia &#8211; Bianco D.O.C.Sizilianische Weine Odisseo Die Exklusivit\u00e4t seines Anbaugebiets (Sizilien\/Toskana) und die Ungewissheit der Herkunft seines Namens machen diesen Wein faszinierend und mysteri\u00f6s. Die einzige Gewissheit sind die goldfarbenen Insoliatrauben, die an die sonnige W\u00e4rme des Lebens erinnern und die des guten Weines, der uns begleitet. Seine stilisierte Sonne symbolisiert Modernit\u00e4t mit der gleichen [&hellip;]\" \/>\n<meta property=\"og:url\" content=\"https:\/\/candidoitaly.com\/de\/insolia-bianco-doc\/\" \/>\n<meta property=\"og:site_name\" content=\"Candido Italy - Food &amp; Wine - Wein, Fleisch und Sizilische Typische Produkte\" \/>\n<meta property=\"article:modified_time\" content=\"2021-02-25T11:17:15+00:00\" \/>\n<meta name=\"twitter:card\" content=\"summary_large_image\" \/>\n<meta name=\"twitter:label1\" content=\"Est. reading time\" \/>\n\t<meta name=\"twitter:data1\" content=\"3 minutes\" \/>\n<script type=\"application\/ld+json\" class=\"yoast-schema-graph\">{\"@context\":\"https:\/\/schema.org\",\"@graph\":[{\"@type\":\"WebPage\",\"@id\":\"https:\/\/candidoitaly.com\/de\/insolia-bianco-doc\/\",\"url\":\"https:\/\/candidoitaly.com\/de\/insolia-bianco-doc\/\",\"name\":\"Insolia Bianco DOC - Candido Italy - Food &amp; Wine - Wein, Fleisch und Sizilische Typische Produkte\",\"isPartOf\":{\"@id\":\"https:\/\/candidoitaly.com\/de\/#website\"},\"datePublished\":\"2020-10-26T11:58:59+00:00\",\"dateModified\":\"2021-02-25T11:17:15+00:00\",\"breadcrumb\":{\"@id\":\"https:\/\/candidoitaly.com\/de\/insolia-bianco-doc\/#breadcrumb\"},\"inLanguage\":\"en-US\",\"potentialAction\":[{\"@type\":\"ReadAction\",\"target\":[\"https:\/\/candidoitaly.com\/de\/insolia-bianco-doc\/\"]}]},{\"@type\":\"BreadcrumbList\",\"@id\":\"https:\/\/candidoitaly.com\/de\/insolia-bianco-doc\/#breadcrumb\",\"itemListElement\":[{\"@type\":\"ListItem\",\"position\":1,\"name\":\"Home\",\"item\":\"https:\/\/candidoitaly.com\/de\/\"},{\"@type\":\"ListItem\",\"position\":2,\"name\":\"Insolia Bianco DOC\"}]},{\"@type\":\"WebSite\",\"@id\":\"https:\/\/candidoitaly.com\/de\/#website\",\"url\":\"https:\/\/candidoitaly.com\/de\/\",\"name\":\"Candido Italy - Food &amp; Wine - Wein, Fleisch und Sizilische Typische Produkte\",\"description\":\"Food &amp; Wine - Vino, Carne e Prodotti Tipici Siciliani\",\"potentialAction\":[{\"@type\":\"SearchAction\",\"target\":{\"@type\":\"EntryPoint\",\"urlTemplate\":\"https:\/\/candidoitaly.com\/de\/?s={search_term_string}\"},\"query-input\":{\"@type\":\"PropertyValueSpecification\",\"valueRequired\":true,\"valueName\":\"search_term_string\"}}],\"inLanguage\":\"en-US\"}]}<\/script>\n<!-- \/ Yoast SEO plugin. -->","yoast_head_json":{"title":"Insolia Bianco DOC - Candido Italy - Food &amp; Wine - Wein, Fleisch und Sizilische Typische Produkte","robots":{"index":"index","follow":"follow","max-snippet":"max-snippet:-1","max-image-preview":"max-image-preview:large","max-video-preview":"max-video-preview:-1"},"canonical":"https:\/\/candidoitaly.com\/de\/insolia-bianco-doc\/","og_locale":"en_US","og_type":"article","og_title":"Insolia Bianco DOC - Candido Italy - Food &amp; Wine - Wein, Fleisch und Sizilische Typische Produkte","og_description":"Insolia &#8211; Bianco D.O.C.Sizilianische Weine Odisseo Die Exklusivit\u00e4t seines Anbaugebiets (Sizilien\/Toskana) und die Ungewissheit der Herkunft seines Namens machen diesen Wein faszinierend und mysteri\u00f6s. Die einzige Gewissheit sind die goldfarbenen Insoliatrauben, die an die sonnige W\u00e4rme des Lebens erinnern und die des guten Weines, der uns begleitet. Seine stilisierte Sonne symbolisiert Modernit\u00e4t mit der gleichen [&hellip;]","og_url":"https:\/\/candidoitaly.com\/de\/insolia-bianco-doc\/","og_site_name":"Candido Italy - Food &amp; Wine - Wein, Fleisch und Sizilische Typische Produkte","article_modified_time":"2021-02-25T11:17:15+00:00","twitter_card":"summary_large_image","twitter_misc":{"Est. reading time":"3 minutes"},"schema":{"@context":"https:\/\/schema.org","@graph":[{"@type":"WebPage","@id":"https:\/\/candidoitaly.com\/de\/insolia-bianco-doc\/","url":"https:\/\/candidoitaly.com\/de\/insolia-bianco-doc\/","name":"Insolia Bianco DOC - Candido Italy - Food &amp; Wine - Wein, Fleisch und Sizilische Typische Produkte","isPartOf":{"@id":"https:\/\/candidoitaly.com\/de\/#website"},"datePublished":"2020-10-26T11:58:59+00:00","dateModified":"2021-02-25T11:17:15+00:00","breadcrumb":{"@id":"https:\/\/candidoitaly.com\/de\/insolia-bianco-doc\/#breadcrumb"},"inLanguage":"en-US","potentialAction":[{"@type":"ReadAction","target":["https:\/\/candidoitaly.com\/de\/insolia-bianco-doc\/"]}]},{"@type":"BreadcrumbList","@id":"https:\/\/candidoitaly.com\/de\/insolia-bianco-doc\/#breadcrumb","itemListElement":[{"@type":"ListItem","position":1,"name":"Home","item":"https:\/\/candidoitaly.com\/de\/"},{"@type":"ListItem","position":2,"name":"Insolia Bianco DOC"}]},{"@type":"WebSite","@id":"https:\/\/candidoitaly.com\/de\/#website","url":"https:\/\/candidoitaly.com\/de\/","name":"Candido Italy - Food &amp; Wine - Wein, Fleisch und Sizilische Typische Produkte","description":"Food &amp; Wine - Vino, Carne e Prodotti Tipici Siciliani","potentialAction":[{"@type":"SearchAction","target":{"@type":"EntryPoint","urlTemplate":"https:\/\/candidoitaly.com\/de\/?s={search_term_string}"},"query-input":{"@type":"PropertyValueSpecification","valueRequired":true,"valueName":"search_term_string"}}],"inLanguage":"en-US"}]}},"_links":{"self":[{"href":"https:\/\/candidoitaly.com\/de\/wp-json\/wp\/v2\/pages\/1342","targetHints":{"allow":["GET"]}}],"collection":[{"href":"https:\/\/candidoitaly.com\/de\/wp-json\/wp\/v2\/pages"}],"about":[{"href":"https:\/\/candidoitaly.com\/de\/wp-json\/wp\/v2\/types\/page"}],"author":[{"embeddable":true,"href":"https:\/\/candidoitaly.com\/de\/wp-json\/wp\/v2\/users\/1"}],"replies":[{"embeddable":true,"href":"https:\/\/candidoitaly.com\/de\/wp-json\/wp\/v2\/comments?post=1342"}],"version-history":[{"count":10,"href":"https:\/\/candidoitaly.com\/de\/wp-json\/wp\/v2\/pages\/1342\/revisions"}],"predecessor-version":[{"id":1765,"href":"https:\/\/candidoitaly.com\/de\/wp-json\/wp\/v2\/pages\/1342\/revisions\/1765"}],"wp:attachment":[{"href":"https:\/\/candidoitaly.com\/de\/wp-json\/wp\/v2\/media?parent=1342"}],"curies":[{"name":"wp","href":"https:\/\/api.w.org\/{rel}","templated":true}]}}