{"id":1338,"date":"2020-10-26T11:58:11","date_gmt":"2020-10-26T11:58:11","guid":{"rendered":"http:\/\/yoomultimedia.com\/demo\/candido\/de\/?page_id=1338"},"modified":"2020-11-23T18:32:41","modified_gmt":"2020-11-23T17:32:41","slug":"wein","status":"publish","type":"page","link":"https:\/\/candidoitaly.com\/de\/wein\/","title":{"rendered":"Unsere Weine"},"content":{"rendered":"<h1>Candido Italy \u2013 Unsere Weine<\/h1>\n<div>Arbeitseifer, Qualit\u00e4tsbewusstsein, Respekt vor den Kunden!<\/div>\n<div>\n<p>        <img decoding=\"async\" src=\"\/demo\/candido\/de\/wp-content\/uploads\/2020\/11\/nero_d_avola_doc_bottiglia_1.jpg\" alt=\"\"><\/p>\n<h3>Eloro \u2013 Nero D\u2019Avola D.O.C.<\/h3>\n<div>\n<p>Sein intensives Rubinrot verk\u00f6rpert in einem Wirbel der Leidenschaft, die Kraft und die Fantasie des Namens des Vaters der Odisseo Linie: Giorgio. Ein Wein von gro\u00dfer Struktur, komplexen Aromen, ausgewogenem Geschmack, weich und trocken, wie sie nur die Sonne Siziliens hervorbringen kann.<\/p>\n<\/div>\n<p><a href=\"\/demo\/candido\/de\/eloro-nero-davola-doc\/\">FINDE ES JETZT HERAUS<\/a><\/p>\n<\/div>\n<div>\n<p>        <img decoding=\"async\" src=\"\/demo\/candido\/de\/wp-content\/uploads\/2020\/11\/insolia_doc_vino_siciliano_1.jpg\" alt=\"\"><\/p>\n<h3>Insolia \u2013 Bianco D.O.C.<\/h3>\n<div>\n<p>Die Exklusivit\u00e4t seines Anbaugebiets (Sizilien\/Toskana) und die Ungewissheit der Herkunft seines Namens machen diesen Wein faszinierend und mysteri\u00f6s. Die einzige Gewissheit sind die goldfarbenen Insoliatrauben, die an die sonnige W\u00e4rme des Lebens erinnern und die des guten Weines, der uns begleitet. Seine stilisierte Sonne symbolisiert Modernit\u00e4t mit der gleichen Qualit\u00e4t der guten alten Zeiten.<\/p>\n<\/div>\n<p><a href=\"\/demo\/candido\/de\/insolia-bianco-doc\/\">FINDE ES JETZT HERAUS<\/a><\/p>\n<\/div>\n<div>\n<p>        <img decoding=\"async\" src=\"\/demo\/candido\/de\/wp-content\/uploads\/2020\/11\/sauvignon-blanc_etichette_1.jpg\" alt=\"\"><\/p>\n<h3>Man\u00f2KA \u2013 Sauvignon Blanc I.G.T.<\/h3>\n<div>\n<p>Sonne, Meer, klarer Himmel, fruchtbare Erde, in der Luft liegt der Duft von Blumen und Fr\u00fcchten \u2026 alle diese Elemente sind in den Trauben des Sauvignon Blanc konzentriert, einzigartige Eigenschaften, die nur die sizilianischen Erde hervorbringen kann.<\/p>\n<\/div>\n<p><a href=\"\/demo\/candido\/de\/manoka-sauvignon-blanc\/\">FINDE ES JETZT HERAUS<\/a><\/p>\n<\/div>\n<div>\n<p>        <img decoding=\"async\" src=\"\/demo\/candido\/de\/wp-content\/uploads\/2020\/11\/nero_d_avola_syrah_1.jpg\" alt=\"\"><\/p>\n<h3>Trito \u2013 Nero D\u2019Avola &#038; Syrah I.G.T.<\/h3>\n<div>\n<p>Trito verdankt seinen Namen Triton, der mit seinem Muschelhorn die Gewitter beruhigt und die Ankunft Poseidons, des Meeresgottes, ank\u00fcndigt. Er zeigt uns den Weg und wird zum Leuchtturm f\u00fcr alle Meereswanderer, einschlie\u00dflich Odysseus. F\u00fcr unsere Linie ODISSEO m\u00f6chte er ein Zeichen der Kontinuit\u00e4t f\u00fcr eine gute Qualit\u00e4t und f\u00fcr eine konstante Verbesserung unserer Weine sein. Die ODISSEO Weine werden f\u00fcr den erlesenen Geschmack und zum Vergn\u00fcgen der \u201eSeefahrer\u201c der guten K\u00fcche und der guten Essgewohnheiten produziert.<\/p>\n<\/div>\n<p><a href=\"\/demo\/candido\/de\/trito-nero-davola-e-syrah-igt\/\">FINDE ES JETZT HERAUS<\/a><\/p>\n<\/div>\n<div>\n<p>        <img decoding=\"async\" src=\"\/demo\/candido\/de\/wp-content\/uploads\/2020\/11\/petit_verdot_bottiglia_2.jpg\" alt=\"\"><\/p>\n<h3>P\u00f2tta\u2019cc\u00e0 \u2013 Petit Verdot I.G.T.<\/h3>\n<div>\n<p>P\u00f2tta \u2018cc\u00e0, bring hierher, ein modicanischer Ausdruck, der dazu auffordert das Weinglas zu bringen, um den Geschmack und die Gef\u00fchle zu entdecken, die es enth\u00e4lt. Der Petit Verdot f\u00e4rbt und aromatisiert das Glas mit seinen woll\u00fcstigen und runden Tanninen, seinem blumigen Bouquet und Noten frischer Fr\u00fcchte, die ihn romantisch und anmutig machen. Seine Gew\u00fcrznoten und sein Rot mit Nuancen von Violett erwecken Neugier. Deshalb ist ein p\u00f2tta \u2018cc\u00e0 ein absolutes Muss!<\/p>\n<\/div>\n<p><a href=\"\/demo\/candido\/de\/pottacca-petit-verdot-igt\/\">FINDE ES JETZT HERAUS<\/a><\/p>\n<\/div>\n<p><!-- {\"type\":\"layout\",\"children\":[{\"type\":\"section\",\"props\":{\"style\":\"default\",\"width\":\"default\",\"vertical_align\":\"middle\",\"title_position\":\"top-left\",\"title_rotation\":\"left\",\"title_breakpoint\":\"xl\",\"image_position\":\"center-center\"},\"children\":[{\"type\":\"row\",\"children\":[{\"type\":\"column\",\"props\":{\"image_position\":\"center-center\",\"media_overlay_gradient\":\"\"},\"children\":[{\"type\":\"headline\",\"props\":{\"title_element\":\"h1\",\"content\":\"Candido Italy \\u2013 Unsere Weine\",\"text_align\":\"center\",\"margin_remove_bottom\":true}},{\"type\":\"headline\",\"props\":{\"title_element\":\"div\",\"content\":\"Arbeitseifer, Qualit\\u00e4tsbewusstsein, Respekt vor den Kunden!\",\"title_style\":\"h4\",\"margin_remove_top\":true,\"text_align\":\"center\"}}]}]},{\"type\":\"row\",\"children\":[{\"type\":\"column\",\"props\":{\"image_position\":\"center-center\",\"media_overlay_gradient\":\"\",\"width_medium\":\"\"},\"children\":[{\"type\":\"panel\",\"props\":{\"link_text\":\"FINDE ES JETZT HERAUS\",\"title_hover_style\":\"reset\",\"title_element\":\"h3\",\"title_align\":\"top\",\"title_grid_width\":\"1-2\",\"title_grid_breakpoint\":\"m\",\"meta_style\":\"meta\",\"meta_align\":\"below-title\",\"meta_element\":\"div\",\"content_column_breakpoint\":\"m\",\"icon_width\":80,\"image_align\":\"left\",\"image_grid_width\":\"1-3\",\"image_grid_breakpoint\":\"m\",\"image_svg_color\":\"emphasis\",\"link_style\":\"secondary\",\"margin\":\"default\",\"image\":\"wp-content\\\/uploads\\\/2020\\\/11\\\/nero_d_avola_doc_bottiglia_1.jpg\",\"title\":\"Eloro \\u2013 Nero D\\u2019Avola D.O.C.\",\"panel_style\":\"card-default\",\"panel_size\":\"small\",\"title_color\":\"secondary\",\"content\":\"\n\n<p>Sein intensives Rubinrot verk\\u00f6rpert in einem Wirbel der Leidenschaft, die Kraft und die Fantasie des Namens des Vaters der Odisseo Linie: Giorgio. Ein Wein von gro\\u00dfer Struktur, komplexen Aromen, ausgewogenem Geschmack, weich und trocken, wie sie nur die Sonne Siziliens hervorbringen kann.<\\\/p>\",\"title_style\":\"h1\",\"content_style\":\"lead\",\"css\":\".el-element>div>div:nth-child(2){padding-top: 5%;}\",\"link\":\"eloro-nero-davola-doc\\\/\",\"link_size\":\"large\"}},{\"type\":\"panel\",\"props\":{\"link_text\":\"FINDE ES JETZT HERAUS\",\"title_hover_style\":\"reset\",\"title_element\":\"h3\",\"title_align\":\"top\",\"title_grid_width\":\"1-2\",\"title_grid_breakpoint\":\"m\",\"meta_style\":\"meta\",\"meta_align\":\"below-title\",\"meta_element\":\"div\",\"content_column_breakpoint\":\"m\",\"icon_width\":80,\"image_align\":\"left\",\"image_grid_width\":\"1-3\",\"image_grid_breakpoint\":\"m\",\"image_svg_color\":\"emphasis\",\"link_style\":\"secondary\",\"margin\":\"default\",\"image\":\"wp-content\\\/uploads\\\/2020\\\/11\\\/insolia_doc_vino_siciliano_1.jpg\",\"title\":\"Insolia \\u2013 Bianco D.O.C.\",\"panel_style\":\"card-default\",\"panel_size\":\"small\",\"title_color\":\"secondary\",\"content\":\"\n\n<p>Die Exklusivit\\u00e4t seines Anbaugebiets (Sizilien\\\/Toskana) und die Ungewissheit der Herkunft seines Namens machen diesen Wein faszinierend und mysteri\\u00f6s. Die einzige Gewissheit sind die goldfarbenen Insoliatrauben, die an die sonnige W\\u00e4rme des Lebens erinnern und die des guten Weines, der uns begleitet. Seine stilisierte Sonne symbolisiert Modernit\\u00e4t mit der gleichen Qualit\\u00e4t der guten alten Zeiten.<\\\/p>\",\"title_style\":\"h1\",\"content_style\":\"lead\",\"css\":\".el-element>div>div:nth-child(2){padding-top: 5%;}\",\"link\":\"insolia-bianco-doc\\\/\",\"link_size\":\"large\"}},{\"type\":\"panel\",\"props\":{\"link_text\":\"FINDE ES JETZT HERAUS\",\"title_hover_style\":\"reset\",\"title_element\":\"h3\",\"title_align\":\"top\",\"title_grid_width\":\"1-2\",\"title_grid_breakpoint\":\"m\",\"meta_style\":\"meta\",\"meta_align\":\"below-title\",\"meta_element\":\"div\",\"content_column_breakpoint\":\"m\",\"icon_width\":80,\"image_align\":\"left\",\"image_grid_width\":\"1-3\",\"image_grid_breakpoint\":\"m\",\"image_svg_color\":\"emphasis\",\"link_style\":\"secondary\",\"margin\":\"default\",\"image\":\"wp-content\\\/uploads\\\/2020\\\/11\\\/sauvignon-blanc_etichette_1.jpg\",\"title\":\"Man\\u00f2KA \\u2013 Sauvignon Blanc I.G.T.\",\"panel_style\":\"card-default\",\"panel_size\":\"small\",\"title_color\":\"secondary\",\"content\":\"\n\n<p>Sonne, Meer, klarer Himmel, fruchtbare Erde, in der Luft liegt der Duft von Blumen und Fr\\u00fcchten \\u2026 alle diese Elemente sind in den Trauben des Sauvignon Blanc konzentriert, einzigartige Eigenschaften, die nur die sizilianischen Erde hervorbringen kann.<\\\/p>\",\"title_style\":\"h1\",\"content_style\":\"lead\",\"css\":\".el-element>div>div:nth-child(2){padding-top: 5%;}\",\"link\":\"manoka-sauvignon-blanc\\\/\",\"link_size\":\"large\"}},{\"type\":\"panel\",\"props\":{\"link_text\":\"FINDE ES JETZT HERAUS\",\"title_hover_style\":\"reset\",\"title_element\":\"h3\",\"title_align\":\"top\",\"title_grid_width\":\"1-2\",\"title_grid_breakpoint\":\"m\",\"meta_style\":\"meta\",\"meta_align\":\"below-title\",\"meta_element\":\"div\",\"content_column_breakpoint\":\"m\",\"icon_width\":80,\"image_align\":\"left\",\"image_grid_width\":\"1-3\",\"image_grid_breakpoint\":\"m\",\"image_svg_color\":\"emphasis\",\"link_style\":\"secondary\",\"margin\":\"default\",\"image\":\"wp-content\\\/uploads\\\/2020\\\/11\\\/nero_d_avola_syrah_1.jpg\",\"title\":\"Trito \\u2013 Nero D\\u2019Avola & Syrah I.G.T.\",\"panel_style\":\"card-default\",\"panel_size\":\"small\",\"title_color\":\"secondary\",\"content\":\"\n\n<p>Trito verdankt seinen Namen Triton, der mit seinem Muschelhorn die Gewitter beruhigt und die Ankunft Poseidons, des Meeresgottes, ank\\u00fcndigt. Er zeigt uns den Weg und wird zum Leuchtturm f\\u00fcr alle Meereswanderer, einschlie\\u00dflich Odysseus. F\\u00fcr unsere Linie ODISSEO m\\u00f6chte er ein Zeichen der Kontinuit\\u00e4t f\\u00fcr eine gute Qualit\\u00e4t und f\\u00fcr eine konstante Verbesserung unserer Weine sein. Die ODISSEO Weine werden f\\u00fcr den erlesenen Geschmack und zum Vergn\\u00fcgen der \\u201eSeefahrer\\u201c der guten K\\u00fcche und der guten Essgewohnheiten produziert.<\\\/p>\",\"title_style\":\"h1\",\"content_style\":\"lead\",\"css\":\".el-element>div>div:nth-child(2){padding-top: 5%;}\",\"link\":\"trito-nero-davola-e-syrah-igt\\\/\",\"link_size\":\"large\"}},{\"type\":\"panel\",\"props\":{\"link_text\":\"FINDE ES JETZT HERAUS\",\"title_hover_style\":\"reset\",\"title_element\":\"h3\",\"title_align\":\"top\",\"title_grid_width\":\"1-2\",\"title_grid_breakpoint\":\"m\",\"meta_style\":\"meta\",\"meta_align\":\"below-title\",\"meta_element\":\"div\",\"content_column_breakpoint\":\"m\",\"icon_width\":80,\"image_align\":\"left\",\"image_grid_width\":\"1-3\",\"image_grid_breakpoint\":\"m\",\"image_svg_color\":\"emphasis\",\"link_style\":\"secondary\",\"margin\":\"default\",\"image\":\"wp-content\\\/uploads\\\/2020\\\/11\\\/petit_verdot_bottiglia_2.jpg\",\"title\":\"P\\u00f2tta\\u2019cc\\u00e0 \\u2013 Petit Verdot I.G.T.\",\"panel_style\":\"card-default\",\"panel_size\":\"small\",\"title_color\":\"secondary\",\"content\":\"\n\n<p>P\\u00f2tta \\u2018cc\\u00e0, bring hierher, ein modicanischer Ausdruck, der dazu auffordert das Weinglas zu bringen, um den Geschmack und die Gef\\u00fchle zu entdecken, die es enth\\u00e4lt. Der Petit Verdot f\\u00e4rbt und aromatisiert das Glas mit seinen woll\\u00fcstigen und runden Tanninen, seinem blumigen Bouquet und Noten frischer Fr\\u00fcchte, die ihn romantisch und anmutig machen. Seine Gew\\u00fcrznoten und sein Rot mit Nuancen von Violett erwecken Neugier. Deshalb ist ein p\\u00f2tta \\u2018cc\\u00e0 ein absolutes Muss!<\\\/p>\",\"title_style\":\"h1\",\"content_style\":\"lead\",\"css\":\".el-element>div>div:nth-child(2){padding-top: 5%;}\",\"link\":\"pottacca-petit-verdot-igt\\\/\",\"link_size\":\"large\"}}]}]}]}],\"version\":\"2.3.12\"} --><\/p>\n","protected":false},"excerpt":{"rendered":"<p>Candido Italy \u2013 Unsere Weine Arbeitseifer, Qualit\u00e4tsbewusstsein, Respekt vor den Kunden! Eloro \u2013 Nero D\u2019Avola D.O.C. Sein intensives Rubinrot verk\u00f6rpert in einem Wirbel der Leidenschaft, die Kraft und die Fantasie des Namens des Vaters der Odisseo Linie: Giorgio. Ein Wein von gro\u00dfer Struktur, komplexen Aromen, ausgewogenem Geschmack, weich und trocken, wie sie nur die Sonne [&hellip;]<\/p>\n","protected":false},"author":1,"featured_media":0,"parent":0,"menu_order":0,"comment_status":"closed","ping_status":"closed","template":"","meta":{"_acf_changed":false,"footnotes":""},"class_list":["post-1338","page","type-page","status-publish","hentry"],"acf":[],"yoast_head":"<!-- This site is optimized with the Yoast SEO plugin v26.2 - https:\/\/yoast.com\/wordpress\/plugins\/seo\/ -->\n<title>Unsere Weine - Candido Italy - Food &amp; Wine - Wein, Fleisch und Sizilische Typische Produkte<\/title>\n<meta name=\"robots\" content=\"index, follow, max-snippet:-1, max-image-preview:large, max-video-preview:-1\" \/>\n<link rel=\"canonical\" href=\"https:\/\/candidoitaly.com\/de\/wein\/\" \/>\n<meta property=\"og:locale\" content=\"en_US\" \/>\n<meta property=\"og:type\" content=\"article\" \/>\n<meta property=\"og:title\" content=\"Unsere Weine - Candido Italy - Food &amp; Wine - Wein, Fleisch und Sizilische Typische Produkte\" \/>\n<meta property=\"og:description\" content=\"Candido Italy \u2013 Unsere Weine Arbeitseifer, Qualit\u00e4tsbewusstsein, Respekt vor den Kunden! Eloro \u2013 Nero D\u2019Avola D.O.C. Sein intensives Rubinrot verk\u00f6rpert in einem Wirbel der Leidenschaft, die Kraft und die Fantasie des Namens des Vaters der Odisseo Linie: Giorgio. Ein Wein von gro\u00dfer Struktur, komplexen Aromen, ausgewogenem Geschmack, weich und trocken, wie sie nur die Sonne [&hellip;]\" \/>\n<meta property=\"og:url\" content=\"https:\/\/candidoitaly.com\/de\/wein\/\" \/>\n<meta property=\"og:site_name\" content=\"Candido Italy - Food &amp; Wine - Wein, Fleisch und Sizilische Typische Produkte\" \/>\n<meta property=\"article:modified_time\" content=\"2020-11-23T17:32:41+00:00\" \/>\n<meta name=\"twitter:card\" content=\"summary_large_image\" \/>\n<meta name=\"twitter:label1\" content=\"Est. reading time\" \/>\n\t<meta name=\"twitter:data1\" content=\"2 minutes\" \/>\n<script type=\"application\/ld+json\" class=\"yoast-schema-graph\">{\"@context\":\"https:\/\/schema.org\",\"@graph\":[{\"@type\":\"WebPage\",\"@id\":\"https:\/\/candidoitaly.com\/de\/wein\/\",\"url\":\"https:\/\/candidoitaly.com\/de\/wein\/\",\"name\":\"Unsere Weine - Candido Italy - Food &amp; Wine - Wein, Fleisch und Sizilische Typische Produkte\",\"isPartOf\":{\"@id\":\"https:\/\/candidoitaly.com\/de\/#website\"},\"datePublished\":\"2020-10-26T11:58:11+00:00\",\"dateModified\":\"2020-11-23T17:32:41+00:00\",\"breadcrumb\":{\"@id\":\"https:\/\/candidoitaly.com\/de\/wein\/#breadcrumb\"},\"inLanguage\":\"en-US\",\"potentialAction\":[{\"@type\":\"ReadAction\",\"target\":[\"https:\/\/candidoitaly.com\/de\/wein\/\"]}]},{\"@type\":\"BreadcrumbList\",\"@id\":\"https:\/\/candidoitaly.com\/de\/wein\/#breadcrumb\",\"itemListElement\":[{\"@type\":\"ListItem\",\"position\":1,\"name\":\"Home\",\"item\":\"https:\/\/candidoitaly.com\/de\/\"},{\"@type\":\"ListItem\",\"position\":2,\"name\":\"Unsere Weine\"}]},{\"@type\":\"WebSite\",\"@id\":\"https:\/\/candidoitaly.com\/de\/#website\",\"url\":\"https:\/\/candidoitaly.com\/de\/\",\"name\":\"Candido Italy - Food &amp; Wine - Wein, Fleisch und Sizilische Typische Produkte\",\"description\":\"Food &amp; Wine - Vino, Carne e Prodotti Tipici Siciliani\",\"potentialAction\":[{\"@type\":\"SearchAction\",\"target\":{\"@type\":\"EntryPoint\",\"urlTemplate\":\"https:\/\/candidoitaly.com\/de\/?s={search_term_string}\"},\"query-input\":{\"@type\":\"PropertyValueSpecification\",\"valueRequired\":true,\"valueName\":\"search_term_string\"}}],\"inLanguage\":\"en-US\"}]}<\/script>\n<!-- \/ Yoast SEO plugin. -->","yoast_head_json":{"title":"Unsere Weine - Candido Italy - Food &amp; Wine - Wein, Fleisch und Sizilische Typische Produkte","robots":{"index":"index","follow":"follow","max-snippet":"max-snippet:-1","max-image-preview":"max-image-preview:large","max-video-preview":"max-video-preview:-1"},"canonical":"https:\/\/candidoitaly.com\/de\/wein\/","og_locale":"en_US","og_type":"article","og_title":"Unsere Weine - Candido Italy - Food &amp; Wine - Wein, Fleisch und Sizilische Typische Produkte","og_description":"Candido Italy \u2013 Unsere Weine Arbeitseifer, Qualit\u00e4tsbewusstsein, Respekt vor den Kunden! Eloro \u2013 Nero D\u2019Avola D.O.C. Sein intensives Rubinrot verk\u00f6rpert in einem Wirbel der Leidenschaft, die Kraft und die Fantasie des Namens des Vaters der Odisseo Linie: Giorgio. Ein Wein von gro\u00dfer Struktur, komplexen Aromen, ausgewogenem Geschmack, weich und trocken, wie sie nur die Sonne [&hellip;]","og_url":"https:\/\/candidoitaly.com\/de\/wein\/","og_site_name":"Candido Italy - Food &amp; Wine - Wein, Fleisch und Sizilische Typische Produkte","article_modified_time":"2020-11-23T17:32:41+00:00","twitter_card":"summary_large_image","twitter_misc":{"Est. reading time":"2 minutes"},"schema":{"@context":"https:\/\/schema.org","@graph":[{"@type":"WebPage","@id":"https:\/\/candidoitaly.com\/de\/wein\/","url":"https:\/\/candidoitaly.com\/de\/wein\/","name":"Unsere Weine - Candido Italy - Food &amp; Wine - Wein, Fleisch und Sizilische Typische Produkte","isPartOf":{"@id":"https:\/\/candidoitaly.com\/de\/#website"},"datePublished":"2020-10-26T11:58:11+00:00","dateModified":"2020-11-23T17:32:41+00:00","breadcrumb":{"@id":"https:\/\/candidoitaly.com\/de\/wein\/#breadcrumb"},"inLanguage":"en-US","potentialAction":[{"@type":"ReadAction","target":["https:\/\/candidoitaly.com\/de\/wein\/"]}]},{"@type":"BreadcrumbList","@id":"https:\/\/candidoitaly.com\/de\/wein\/#breadcrumb","itemListElement":[{"@type":"ListItem","position":1,"name":"Home","item":"https:\/\/candidoitaly.com\/de\/"},{"@type":"ListItem","position":2,"name":"Unsere Weine"}]},{"@type":"WebSite","@id":"https:\/\/candidoitaly.com\/de\/#website","url":"https:\/\/candidoitaly.com\/de\/","name":"Candido Italy - Food &amp; Wine - Wein, Fleisch und Sizilische Typische Produkte","description":"Food &amp; Wine - Vino, Carne e Prodotti Tipici Siciliani","potentialAction":[{"@type":"SearchAction","target":{"@type":"EntryPoint","urlTemplate":"https:\/\/candidoitaly.com\/de\/?s={search_term_string}"},"query-input":{"@type":"PropertyValueSpecification","valueRequired":true,"valueName":"search_term_string"}}],"inLanguage":"en-US"}]}},"_links":{"self":[{"href":"https:\/\/candidoitaly.com\/de\/wp-json\/wp\/v2\/pages\/1338","targetHints":{"allow":["GET"]}}],"collection":[{"href":"https:\/\/candidoitaly.com\/de\/wp-json\/wp\/v2\/pages"}],"about":[{"href":"https:\/\/candidoitaly.com\/de\/wp-json\/wp\/v2\/types\/page"}],"author":[{"embeddable":true,"href":"https:\/\/candidoitaly.com\/de\/wp-json\/wp\/v2\/users\/1"}],"replies":[{"embeddable":true,"href":"https:\/\/candidoitaly.com\/de\/wp-json\/wp\/v2\/comments?post=1338"}],"version-history":[{"count":22,"href":"https:\/\/candidoitaly.com\/de\/wp-json\/wp\/v2\/pages\/1338\/revisions"}],"predecessor-version":[{"id":1687,"href":"https:\/\/candidoitaly.com\/de\/wp-json\/wp\/v2\/pages\/1338\/revisions\/1687"}],"wp:attachment":[{"href":"https:\/\/candidoitaly.com\/de\/wp-json\/wp\/v2\/media?parent=1338"}],"curies":[{"name":"wp","href":"https:\/\/api.w.org\/{rel}","templated":true}]}}