{"id":1,"date":"2019-07-25T10:30:43","date_gmt":"2019-07-25T10:30:43","guid":{"rendered":"http:\/\/yoomultimedia.com\/demo\/candido\/de\/?p=1"},"modified":"2021-04-01T14:29:31","modified_gmt":"2021-04-01T13:29:31","slug":"home","status":"publish","type":"page","link":"https:\/\/candidoitaly.com\/de\/","title":{"rendered":"Home"},"content":{"rendered":"<ul>\n<li>\n<p>        <img decoding=\"async\" src=\"\/demo\/candido\/de\/wp-content\/uploads\/sites\/6\/2021\/04\/foto_grano.jpg\" alt=\"\"><\/p>\n<\/li>\n<li>\n<p>        <img decoding=\"async\" src=\"\/demo\/candido\/de\/wp-content\/uploads\/sites\/6\/2021\/03\/mucche_home.jpg\" alt=\"\"><\/p>\n<\/li>\n<li>\n<p>        <img decoding=\"async\" src=\"\/demo\/candido\/de\/wp-content\/uploads\/sites\/6\/2021\/03\/vino_home.jpg\" alt=\"\"><\/p>\n<\/li>\n<\/ul>\n<h1>Candido Italy Company<br \/>Food &amp; Wine &#8211; Wein, Fleisch und <span class=\"uk-text-primary\">Sizilische Typische<\/span> Produkte<\/h1>\n<div>Die Familie Candido produziert Wein, Rindfleisch und andere gastronomische Produkte nach sizilianischer Tradition.<\/div>\n<p><img decoding=\"async\" src=\"\/demo\/candido\/de\/wp-content\/uploads\/sites\/6\/2020\/11\/eloro-nero-d-avola-cesta.jpg\" alt=\"\"><\/p>\n<h2>SIZILIANISCHE WEIN<\/h2>\n<div>Wir produzieren Qualit\u00e4tsweine aus sizilianischen Reben wie Nero d\u2019Avola, Syrah und Insolia.<\/div>\n<p>\n    <a href=\"\/demo\/candido\/de\/wein-produktion\/\">WEITERLESEN<\/a>\n<\/p>\n<h2>RINDERFLEISCH<\/h2>\n<div>Aus unserer Rinderzucht beziehen wir 100% italienisches Fleisch.<\/div>\n<p>\n    <a href=\"\/demo\/candido\/de\/rinderaufzucht\/\">WEITERLESEN<\/a>\n<\/p>\n<p><img decoding=\"async\" src=\"\/demo\/candido\/de\/wp-content\/uploads\/sites\/6\/2020\/11\/candido_italy_carne_di_bovino.jpg\" alt=\"\"><br \/>\n<img decoding=\"async\" src=\"\/demo\/candido\/de\/wp-content\/uploads\/sites\/6\/2020\/11\/candido_italy_pasta_artigianale.jpg\" alt=\"\"><\/p>\n<h2>HAUSGHEMACHTE PASTA<\/h2>\n<div>Hausgemachte Pasta aus Hartweizengrie\u00df ausgew\u00e4hlt aus antiken sizilianischen K\u00f6rnern.<\/div>\n<p>\n    <a href=\"\/demo\/candido\/de\/pasta-produktion\/\">WEITERLESEN<\/a>\n<\/p>\n<p><!-- {\"name\":\"Home\",\"type\":\"layout\",\"children\":[{\"type\":\"section\",\"props\":{\"style\":\"default\",\"width\":\"\",\"vertical_align\":\"middle\",\"title_position\":\"top-left\",\"title_rotation\":\"left\",\"title_breakpoint\":\"xl\",\"image_position\":\"center-center\",\"padding\":\"none\"},\"children\":[{\"type\":\"row\",\"children\":[{\"type\":\"column\",\"props\":{\"image_position\":\"center-center\",\"media_overlay_gradient\":\"\"},\"children\":[{\"type\":\"slideshow\",\"props\":{\"show_title\":true,\"show_meta\":true,\"show_content\":true,\"show_link\":true,\"show_thumbnail\":true,\"slideshow_min_height\":300,\"slideshow_autoplay_pause\":true,\"nav\":\"dotnav\",\"nav_position\":\"bottom-center\",\"nav_position_margin\":\"medium\",\"nav_align\":\"center\",\"nav_breakpoint\":\"s\",\"thumbnav_width\":\"100\",\"thumbnav_height\":\"75\",\"thumbnav_svg_color\":\"emphasis\",\"slidenav\":\"default\",\"slidenav_margin\":\"medium\",\"slidenav_breakpoint\":\"s\",\"slidenav_outside_breakpoint\":\"xl\",\"overlay_position\":\"center-left\",\"overlay_animation\":\"parallax\",\"title_element\":\"h3\",\"meta_style\":\"meta\",\"meta_align\":\"below-title\",\"meta_element\":\"div\",\"link_text\":\"Read more\",\"link_style\":\"default\",\"margin\":\"default\",\"slideshow_height\":\"\",\"slideshow_ratio\":\"1920:720\",\"slideshow_autoplay\":true},\"children\":[{\"type\":\"slideshow_item\",\"props\":{\"title\":\"\",\"image\":\"wp-content\\\/uploads\\\/sites\\\/6\\\/2021\\\/04\\\/foto_grano.jpg\"}},{\"type\":\"slideshow_item\",\"props\":{\"title\":\"\",\"image\":\"wp-content\\\/uploads\\\/sites\\\/6\\\/2021\\\/03\\\/mucche_home.jpg\"}},{\"type\":\"slideshow_item\",\"props\":{\"title\":\"\",\"image\":\"wp-content\\\/uploads\\\/sites\\\/6\\\/2021\\\/03\\\/vino_home.jpg\"}}]}]}]}]},{\"name\":\"Hero\",\"type\":\"section\",\"props\":{\"style\":\"default\",\"width\":\"\",\"vertical_align\":\"bottom\",\"title_position\":\"top-left\",\"title_rotation\":\"left\",\"title_breakpoint\":\"xl\",\"image_position\":\"center-center\",\"header_transparent\":\"dark\",\"padding_remove_bottom\":true},\"children\":[{\"name\":\"\",\"type\":\"row\",\"props\":{\"margin\":\"large\"},\"children\":[{\"name\":\"\",\"type\":\"column\",\"props\":{\"image_position\":\"center-center\",\"media_overlay_gradient\":\"\",\"width_medium\":\"1-1\"},\"children\":[{\"type\":\"headline\",\"props\":{\"title_element\":\"h1\",\"margin\":\"large\",\"text_align\":\"center\",\"content\":\"Candido Italy Company<br \\\/>Food &amp; Wine - Wein, Fleisch und <span class=\\\"uk-text-primary\\\">Sizilische Typische<\\\/span> Produkte\"}},{\"type\":\"text\",\"props\":{\"margin\":\"default\",\"column_breakpoint\":\"m\",\"content\":\"Die Familie Candido produziert Wein, Rindfleisch und andere gastronomische Produkte nach sizilianischer Tradition.\",\"text_align\":\"center\",\"maxwidth\":\"2xlarge\",\"block_align\":\"center\"}}]}]}]},{\"type\":\"section\",\"props\":{\"style\":\"default\",\"width\":\"\",\"vertical_align\":\"middle\",\"title_position\":\"center-left\",\"title_rotation\":\"left\",\"title_breakpoint\":\"xl\",\"image_position\":\"center-center\",\"title\":\"My Categories\",\"padding_remove_bottom\":false,\"image\":\"\"},\"children\":[{\"type\":\"row\",\"props\":{\"layout\":\"1-2,1-2\",\"width\":\"default\"},\"children\":[{\"type\":\"column\",\"props\":{\"image_position\":\"center-center\",\"media_overlay_gradient\":\"\",\"width_medium\":\"1-2\",\"vertical_align\":\"middle\",\"order_first\":\"m\"},\"children\":[{\"type\":\"image\",\"props\":{\"margin\":\"default\",\"image_svg_color\":\"emphasis\",\"image\":\"wp-content\\\/uploads\\\/sites\\\/6\\\/2020\\\/11\\\/eloro-nero-d-avola-cesta.jpg\"}}]},{\"type\":\"column\",\"props\":{\"image_position\":\"center-center\",\"media_overlay_gradient\":\"\",\"width_medium\":\"1-2\",\"vertical_align\":\"middle\",\"order_first\":\"xs\"},\"children\":[{\"type\":\"headline\",\"props\":{\"title_element\":\"h2\",\"content\":\"SIZILIANISCHE WEIN\",\"title_color\":\"primary\"}},{\"type\":\"text\",\"props\":{\"margin\":\"default\",\"column_breakpoint\":\"m\",\"content\":\"Wir produzieren Qualit\\u00e4tsweine aus sizilianischen Reben wie Nero d\\u2019Avola, Syrah und Insolia.\"}},{\"type\":\"button\",\"props\":{\"grid_column_gap\":\"small\",\"grid_row_gap\":\"small\",\"margin\":\"default\"},\"children\":[{\"type\":\"button_item\",\"props\":{\"button_style\":\"secondary\",\"icon_align\":\"left\",\"content\":\"WEITERLESEN\",\"link\":\"wein-produktion\\\/\"}}]}]}]},{\"type\":\"row\",\"props\":{\"layout\":\"1-2,1-2\",\"width\":\"default\"},\"children\":[{\"type\":\"column\",\"props\":{\"image_position\":\"center-center\",\"media_overlay_gradient\":\"\",\"width_medium\":\"1-2\",\"vertical_align\":\"middle\"},\"children\":[{\"type\":\"headline\",\"props\":{\"title_element\":\"h2\",\"content\":\"RINDERFLEISCH\",\"title_color\":\"primary\",\"text_align\":\"right\"}},{\"type\":\"text\",\"props\":{\"margin\":\"default\",\"column_breakpoint\":\"m\",\"content\":\"Aus unserer Rinderzucht beziehen wir 100% italienisches Fleisch.\",\"text_align\":\"right\"}},{\"type\":\"button\",\"props\":{\"grid_column_gap\":\"small\",\"grid_row_gap\":\"small\",\"margin\":\"default\",\"text_align\":\"right\"},\"children\":[{\"type\":\"button_item\",\"props\":{\"button_style\":\"secondary\",\"icon_align\":\"left\",\"content\":\"WEITERLESEN\",\"link\":\"rinderaufzucht\\\/\"}}]}]},{\"type\":\"column\",\"props\":{\"image_position\":\"center-center\",\"media_overlay_gradient\":\"\",\"width_medium\":\"1-2\",\"vertical_align\":\"middle\"},\"children\":[{\"type\":\"image\",\"props\":{\"margin\":\"default\",\"image_svg_color\":\"emphasis\",\"image\":\"wp-content\\\/uploads\\\/sites\\\/6\\\/2020\\\/11\\\/candido_italy_carne_di_bovino.jpg\"}}]}]},{\"type\":\"row\",\"props\":{\"layout\":\"1-2,1-2\",\"width\":\"default\"},\"children\":[{\"type\":\"column\",\"props\":{\"image_position\":\"center-center\",\"media_overlay_gradient\":\"\",\"width_medium\":\"1-2\",\"vertical_align\":\"middle\",\"order_first\":\"m\"},\"children\":[{\"type\":\"image\",\"props\":{\"margin\":\"default\",\"image_svg_color\":\"emphasis\",\"image\":\"wp-content\\\/uploads\\\/sites\\\/6\\\/2020\\\/11\\\/candido_italy_pasta_artigianale.jpg\"}}]},{\"type\":\"column\",\"props\":{\"image_position\":\"center-center\",\"media_overlay_gradient\":\"\",\"width_medium\":\"1-2\",\"vertical_align\":\"middle\",\"order_first\":\"xs\"},\"children\":[{\"type\":\"headline\",\"props\":{\"title_element\":\"h2\",\"content\":\"HAUSGHEMACHTE PASTA\",\"title_color\":\"primary\"}},{\"type\":\"text\",\"props\":{\"margin\":\"default\",\"column_breakpoint\":\"m\",\"content\":\"Hausgemachte Pasta aus Hartweizengrie\\u00df ausgew\\u00e4hlt aus antiken sizilianischen K\\u00f6rnern.\"}},{\"type\":\"button\",\"props\":{\"grid_column_gap\":\"small\",\"grid_row_gap\":\"small\",\"margin\":\"default\"},\"children\":[{\"type\":\"button_item\",\"props\":{\"button_style\":\"secondary\",\"icon_align\":\"left\",\"content\":\"WEITERLESEN\",\"link\":\"pasta-produktion\\\/\"}}]}]}]}],\"name\":\"Categories\"}],\"version\":\"2.3.12\"} --><\/p>\n","protected":false},"excerpt":{"rendered":"<p>Candido Italy CompanyFood &amp; Wine &#8211; Wein, Fleisch und Sizilische Typische Produkte Die Familie Candido produziert Wein, Rindfleisch und andere gastronomische Produkte nach sizilianischer Tradition. SIZILIANISCHE WEIN Wir produzieren Qualit\u00e4tsweine aus sizilianischen Reben wie Nero d\u2019Avola, Syrah und Insolia. WEITERLESEN RINDERFLEISCH Aus unserer Rinderzucht beziehen wir 100% italienisches Fleisch. WEITERLESEN HAUSGHEMACHTE PASTA Hausgemachte Pasta aus [&hellip;]<\/p>\n","protected":false},"author":1,"featured_media":0,"parent":0,"menu_order":3,"comment_status":"open","ping_status":"open","template":"","meta":{"_acf_changed":false,"footnotes":""},"class_list":["post-1","page","type-page","status-publish","hentry"],"acf":[],"yoast_head":"<!-- This site is optimized with the Yoast SEO plugin v26.2 - https:\/\/yoast.com\/wordpress\/plugins\/seo\/ -->\n<title>Home - Candido Italy - Food &amp; Wine - Wein, Fleisch und Sizilische Typische Produkte<\/title>\n<meta name=\"robots\" content=\"index, follow, max-snippet:-1, max-image-preview:large, max-video-preview:-1\" \/>\n<link rel=\"canonical\" href=\"https:\/\/candidoitaly.com\/de\/\" \/>\n<meta property=\"og:locale\" content=\"en_US\" \/>\n<meta property=\"og:type\" content=\"article\" \/>\n<meta property=\"og:title\" content=\"Home - Candido Italy - Food &amp; Wine - Wein, Fleisch und Sizilische Typische Produkte\" \/>\n<meta property=\"og:description\" content=\"Candido Italy CompanyFood &amp; Wine &#8211; Wein, Fleisch und Sizilische Typische Produkte Die Familie Candido produziert Wein, Rindfleisch und andere gastronomische Produkte nach sizilianischer Tradition. SIZILIANISCHE WEIN Wir produzieren Qualit\u00e4tsweine aus sizilianischen Reben wie Nero d\u2019Avola, Syrah und Insolia. WEITERLESEN RINDERFLEISCH Aus unserer Rinderzucht beziehen wir 100% italienisches Fleisch. WEITERLESEN HAUSGHEMACHTE PASTA Hausgemachte Pasta aus [&hellip;]\" \/>\n<meta property=\"og:url\" content=\"https:\/\/candidoitaly.com\/de\/\" \/>\n<meta property=\"og:site_name\" content=\"Candido Italy - Food &amp; Wine - Wein, Fleisch und Sizilische Typische Produkte\" \/>\n<meta property=\"article:modified_time\" content=\"2021-04-01T13:29:31+00:00\" \/>\n<meta name=\"twitter:card\" content=\"summary_large_image\" \/>\n<script type=\"application\/ld+json\" class=\"yoast-schema-graph\">{\"@context\":\"https:\/\/schema.org\",\"@graph\":[{\"@type\":\"WebPage\",\"@id\":\"https:\/\/candidoitaly.com\/de\/\",\"url\":\"https:\/\/candidoitaly.com\/de\/\",\"name\":\"Home - Candido Italy - Food &amp; Wine - Wein, Fleisch und Sizilische Typische Produkte\",\"isPartOf\":{\"@id\":\"https:\/\/candidoitaly.com\/de\/#website\"},\"datePublished\":\"2019-07-25T10:30:43+00:00\",\"dateModified\":\"2021-04-01T13:29:31+00:00\",\"breadcrumb\":{\"@id\":\"https:\/\/candidoitaly.com\/de\/#breadcrumb\"},\"inLanguage\":\"en-US\",\"potentialAction\":[{\"@type\":\"ReadAction\",\"target\":[\"https:\/\/candidoitaly.com\/de\/\"]}]},{\"@type\":\"BreadcrumbList\",\"@id\":\"https:\/\/candidoitaly.com\/de\/#breadcrumb\",\"itemListElement\":[{\"@type\":\"ListItem\",\"position\":1,\"name\":\"Home\",\"item\":\"https:\/\/candidoitaly.com\/de\/\"},{\"@type\":\"ListItem\",\"position\":2,\"name\":\"Home\"}]},{\"@type\":\"WebSite\",\"@id\":\"https:\/\/candidoitaly.com\/de\/#website\",\"url\":\"https:\/\/candidoitaly.com\/de\/\",\"name\":\"Candido Italy - Food &amp; Wine - Wein, Fleisch und Sizilische Typische Produkte\",\"description\":\"Food &amp; Wine - Vino, Carne e Prodotti Tipici Siciliani\",\"potentialAction\":[{\"@type\":\"SearchAction\",\"target\":{\"@type\":\"EntryPoint\",\"urlTemplate\":\"https:\/\/candidoitaly.com\/de\/?s={search_term_string}\"},\"query-input\":{\"@type\":\"PropertyValueSpecification\",\"valueRequired\":true,\"valueName\":\"search_term_string\"}}],\"inLanguage\":\"en-US\"}]}<\/script>\n<!-- \/ Yoast SEO plugin. -->","yoast_head_json":{"title":"Home - Candido Italy - Food &amp; Wine - Wein, Fleisch und Sizilische Typische Produkte","robots":{"index":"index","follow":"follow","max-snippet":"max-snippet:-1","max-image-preview":"max-image-preview:large","max-video-preview":"max-video-preview:-1"},"canonical":"https:\/\/candidoitaly.com\/de\/","og_locale":"en_US","og_type":"article","og_title":"Home - Candido Italy - Food &amp; Wine - Wein, Fleisch und Sizilische Typische Produkte","og_description":"Candido Italy CompanyFood &amp; Wine &#8211; Wein, Fleisch und Sizilische Typische Produkte Die Familie Candido produziert Wein, Rindfleisch und andere gastronomische Produkte nach sizilianischer Tradition. SIZILIANISCHE WEIN Wir produzieren Qualit\u00e4tsweine aus sizilianischen Reben wie Nero d\u2019Avola, Syrah und Insolia. WEITERLESEN RINDERFLEISCH Aus unserer Rinderzucht beziehen wir 100% italienisches Fleisch. WEITERLESEN HAUSGHEMACHTE PASTA Hausgemachte Pasta aus [&hellip;]","og_url":"https:\/\/candidoitaly.com\/de\/","og_site_name":"Candido Italy - Food &amp; Wine - Wein, Fleisch und Sizilische Typische Produkte","article_modified_time":"2021-04-01T13:29:31+00:00","twitter_card":"summary_large_image","schema":{"@context":"https:\/\/schema.org","@graph":[{"@type":"WebPage","@id":"https:\/\/candidoitaly.com\/de\/","url":"https:\/\/candidoitaly.com\/de\/","name":"Home - Candido Italy - Food &amp; Wine - Wein, Fleisch und Sizilische Typische Produkte","isPartOf":{"@id":"https:\/\/candidoitaly.com\/de\/#website"},"datePublished":"2019-07-25T10:30:43+00:00","dateModified":"2021-04-01T13:29:31+00:00","breadcrumb":{"@id":"https:\/\/candidoitaly.com\/de\/#breadcrumb"},"inLanguage":"en-US","potentialAction":[{"@type":"ReadAction","target":["https:\/\/candidoitaly.com\/de\/"]}]},{"@type":"BreadcrumbList","@id":"https:\/\/candidoitaly.com\/de\/#breadcrumb","itemListElement":[{"@type":"ListItem","position":1,"name":"Home","item":"https:\/\/candidoitaly.com\/de\/"},{"@type":"ListItem","position":2,"name":"Home"}]},{"@type":"WebSite","@id":"https:\/\/candidoitaly.com\/de\/#website","url":"https:\/\/candidoitaly.com\/de\/","name":"Candido Italy - Food &amp; Wine - Wein, Fleisch und Sizilische Typische Produkte","description":"Food &amp; Wine - Vino, Carne e Prodotti Tipici Siciliani","potentialAction":[{"@type":"SearchAction","target":{"@type":"EntryPoint","urlTemplate":"https:\/\/candidoitaly.com\/de\/?s={search_term_string}"},"query-input":{"@type":"PropertyValueSpecification","valueRequired":true,"valueName":"search_term_string"}}],"inLanguage":"en-US"}]}},"_links":{"self":[{"href":"https:\/\/candidoitaly.com\/de\/wp-json\/wp\/v2\/pages\/1","targetHints":{"allow":["GET"]}}],"collection":[{"href":"https:\/\/candidoitaly.com\/de\/wp-json\/wp\/v2\/pages"}],"about":[{"href":"https:\/\/candidoitaly.com\/de\/wp-json\/wp\/v2\/types\/page"}],"author":[{"embeddable":true,"href":"https:\/\/candidoitaly.com\/de\/wp-json\/wp\/v2\/users\/1"}],"replies":[{"embeddable":true,"href":"https:\/\/candidoitaly.com\/de\/wp-json\/wp\/v2\/comments?post=1"}],"version-history":[{"count":40,"href":"https:\/\/candidoitaly.com\/de\/wp-json\/wp\/v2\/pages\/1\/revisions"}],"predecessor-version":[{"id":1795,"href":"https:\/\/candidoitaly.com\/de\/wp-json\/wp\/v2\/pages\/1\/revisions\/1795"}],"wp:attachment":[{"href":"https:\/\/candidoitaly.com\/de\/wp-json\/wp\/v2\/media?parent=1"}],"curies":[{"name":"wp","href":"https:\/\/api.w.org\/{rel}","templated":true}]}}